{"id":9151,"date":"2024-03-26T08:33:57","date_gmt":"2024-03-26T13:33:57","guid":{"rendered":"https:\/\/carmenjguerra.com\/?page_id=9151"},"modified":"2024-03-26T08:40:06","modified_gmt":"2024-03-26T13:40:06","slug":"mapa-del-sitio","status":"publish","type":"page","link":"https:\/\/carmenjguerra.com\/es_co\/mapa-del-sitio\/","title":{"rendered":"Mapa Del Sitio"},"content":{"rendered":"\t\t<div data-elementor-type=\"wp-page\" data-elementor-id=\"9151\" class=\"elementor elementor-9151\" data-elementor-post-type=\"page\">\n\t\t\t\t<div class=\"elementor-element elementor-element-8d62052 e-con-full e-flex e-con e-parent\" data-id=\"8d62052\" data-element_type=\"container\" data-e-type=\"container\">\n\t\t\t\t<div class=\"elementor-element elementor-element-d0e75c1 elementor-widget__width-inherit elementor-widget elementor-widget-sitemap\" data-id=\"d0e75c1\" data-element_type=\"widget\" data-e-type=\"widget\" data-widget_type=\"sitemap.default\">\n\t\t\t\t<div class=\"elementor-widget-container\">\n\t\t\t\t\t<div class=\"elementor-sitemap-wrap\"><div class=\"elementor-sitemap-section\"><h2 class=\"elementor-sitemap-title elementor-sitemap-page-title\">P\u00e1ginas<\/h2><ul class=\"elementor-sitemap-list elementor-sitemap-page-list\"><li class=\"elementor-sitemap-item elementor-sitemap-item-page page_item page-item-6401\"><a href=\"https:\/\/carmenjguerra.com\/es_co\/guia-limpieza-facial\/\">Limpieza Facial: La Gu\u00eda Esencial 2023<\/a><\/li><li class=\"elementor-sitemap-item elementor-sitemap-item-page page_item page-item-527\"><a href=\"https:\/\/carmenjguerra.com\/es_co\/testimonios\/\">Testimonios<\/a><\/li><li class=\"elementor-sitemap-item elementor-sitemap-item-page page_item page-item-16\"><a href=\"https:\/\/carmenjguerra.com\/es_co\/nosotros\/\">Nosotros<\/a><\/li><li class=\"elementor-sitemap-item elementor-sitemap-item-page page_item page-item-22\"><a href=\"https:\/\/carmenjguerra.com\/es_co\/contacto\/\">Contacto<\/a><\/li><li class=\"elementor-sitemap-item elementor-sitemap-item-page page_item page-item-4895\"><a href=\"https:\/\/carmenjguerra.com\/es_co\/mujer\/\">Mujer<\/a><\/li><li class=\"elementor-sitemap-item elementor-sitemap-item-page page_item page-item-6952\"><a href=\"https:\/\/carmenjguerra.com\/es_co\/depilacion-laser\/\">Depilaci\u00f3n L\u00e1ser<\/a><\/li><li class=\"elementor-sitemap-item elementor-sitemap-item-page page_item page-item-4396\"><a href=\"https:\/\/carmenjguerra.com\/es_co\/politica-de-privacidad\/\">Pol\u00edtica de Privacidad<\/a><\/li><li class=\"elementor-sitemap-item elementor-sitemap-item-page page_item page-item-5430\"><a href=\"https:\/\/carmenjguerra.com\/es_co\/rejuvenecimiento-facial\/\">Rejuvenecimiento Facial<\/a><\/li><li class=\"elementor-sitemap-item elementor-sitemap-item-page page_item page-item-6202\"><a href=\"https:\/\/carmenjguerra.com\/es_co\/aclarar-axilas\/\">Aclarar Axilas<\/a><\/li><li class=\"elementor-sitemap-item elementor-sitemap-item-page page_item page-item-6734\"><a href=\"https:\/\/carmenjguerra.com\/es_co\/aumento-de-labios\/\">Aumento de labios<\/a><\/li><li class=\"elementor-sitemap-item elementor-sitemap-item-page page_item page-item-4471\"><a href=\"https:\/\/carmenjguerra.com\/es_co\/lifting-facial\/\">Nuevo Tratamiento Lifting Facial<\/a><\/li><li class=\"elementor-sitemap-item elementor-sitemap-item-page page_item page-item-5004 current_page_parent\"><a href=\"https:\/\/carmenjguerra.com\/es_co\/blog\/\">Blog<\/a><\/li><li class=\"elementor-sitemap-item elementor-sitemap-item-page page_item page-item-935\"><a href=\"https:\/\/carmenjguerra.com\/es_co\/tratamientos-faciales\/\">Tratamientos Faciales<\/a><\/li><li class=\"elementor-sitemap-item elementor-sitemap-item-page page_item page-item-943\"><a href=\"https:\/\/carmenjguerra.com\/es_co\/tratamientos-corporales\/\">Tratamientos Corporales<\/a><\/li><li class=\"elementor-sitemap-item elementor-sitemap-item-page page_item page-item-9151\"><a href=\"https:\/\/carmenjguerra.com\/es_co\/mapa-del-sitio\/\">Mapa Del Sitio<\/a><\/li><li class=\"elementor-sitemap-item elementor-sitemap-item-page page_item page-item-3017\"><a href=\"https:\/\/carmenjguerra.com\/es_co\/tratamientos\/\">Tratamientos<\/a><\/li><li class=\"elementor-sitemap-item elementor-sitemap-item-page page_item page-item-205\"><a href=\"https:\/\/carmenjguerra.com\/es_co\/\">INICIO<\/a><\/li><li class=\"elementor-sitemap-item elementor-sitemap-item-page page_item page-item-3022\"><a href=\"https:\/\/carmenjguerra.com\/es_co\/medicina-estetica\/\">Medicina Est\u00e9tica<\/a><\/li><li class=\"elementor-sitemap-item elementor-sitemap-item-page page_item page-item-3025\"><a href=\"https:\/\/carmenjguerra.com\/es_co\/medicina-alternativa\/\">Medicina Alternativa<\/a><\/li><li class=\"elementor-sitemap-item elementor-sitemap-item-page page_item page-item-5593\"><a href=\"https:\/\/carmenjguerra.com\/es_co\/tratamientos-antienvejecimiento\/\">Tratamientos Antienvejecimiento<\/a><\/li><li class=\"elementor-sitemap-item elementor-sitemap-item-page page_item page-item-6120\"><a href=\"https:\/\/carmenjguerra.com\/es_co\/remover-tatuajes\/\">Remover Tatuajes<\/a><\/li><li class=\"elementor-sitemap-item elementor-sitemap-item-page page_item page-item-7656\"><a href=\"https:\/\/carmenjguerra.com\/es_co\/galeria\/\">Galer\u00eda<\/a><\/li><li class=\"elementor-sitemap-item elementor-sitemap-item-page page_item page-item-4591\"><a href=\"https:\/\/carmenjguerra.com\/es_co\/sale\/\">Aprovecha Nuestro SALE<\/a><\/li><\/ul><\/div><div class=\"elementor-sitemap-section\"><h2 class=\"elementor-sitemap-title elementor-sitemap-category-title\">Categor\u00edas<\/h2><ul class=\"elementor-sitemap-list elementor-sitemap-category-list\">\t<li class=\"elementor-sitemap-item elementor-sitemap-item-category cat-item cat-item-455\"><a href=\"https:\/\/carmenjguerra.com\/es_co\/category\/tratamientos\/\">Tratamientos<\/a>\n<\/li>\n\t<li class=\"elementor-sitemap-item elementor-sitemap-item-category cat-item cat-item-1\"><a href=\"https:\/\/carmenjguerra.com\/es_co\/category\/servicios\/\">Servicios<\/a>\n<\/li>\n\t<li class=\"elementor-sitemap-item elementor-sitemap-item-category cat-item cat-item-456\"><a href=\"https:\/\/carmenjguerra.com\/es_co\/category\/medicina-estetica\/\">Medicina Est\u00e9tica<\/a>\n<\/li>\n\t<li class=\"elementor-sitemap-item elementor-sitemap-item-category cat-item cat-item-579\"><a href=\"https:\/\/carmenjguerra.com\/es_co\/category\/medicina-alternativa\/\">Medicina Alternativa<\/a>\n<\/li>\n\t<li class=\"elementor-sitemap-item elementor-sitemap-item-category cat-item cat-item-570\"><a href=\"https:\/\/carmenjguerra.com\/es_co\/category\/tratamientos\/limpieza-facial\/\">Limpieza Facial<\/a>\n<\/li>\n\t<li class=\"elementor-sitemap-item elementor-sitemap-item-category cat-item cat-item-572\"><a href=\"https:\/\/carmenjguerra.com\/es_co\/category\/tratamientos\/estetica-facial\/\">Est\u00e9tica Facial<\/a>\n<\/li>\n\t<li class=\"elementor-sitemap-item elementor-sitemap-item-category cat-item cat-item-573\"><a href=\"https:\/\/carmenjguerra.com\/es_co\/category\/tratamientos\/cuidado-de-la-piel\/\">Cuidado De La Piel<\/a>\n<\/li>\n<\/ul><\/div><div class=\"elementor-sitemap-section\"><h2 class=\"elementor-sitemap-title elementor-sitemap-product-title\">Productos<\/h2><ul class=\"elementor-sitemap-list elementor-sitemap-product-list\"><li class=\"elementor-sitemap-item elementor-sitemap-item-product page_item page-item-4034\"><a href=\"https:\/\/carmenjguerra.com\/es_co\/tratamientos\/acido-hialuronico-de-relleno\/\">\u00c1cido Hialur\u00f3nico De Relleno<\/a><\/li><li class=\"elementor-sitemap-item elementor-sitemap-item-product page_item page-item-3241\"><a href=\"https:\/\/carmenjguerra.com\/es_co\/tratamientos\/aqua-clean\/\">Aqua Clean<\/a><\/li><li class=\"elementor-sitemap-item elementor-sitemap-item-product page_item page-item-3447\"><a href=\"https:\/\/carmenjguerra.com\/es_co\/tratamientos\/axila-de-porcelana\/\">Axila de Porcelana<\/a><\/li><li class=\"elementor-sitemap-item elementor-sitemap-item-product page_item page-item-3243\"><a href=\"https:\/\/carmenjguerra.com\/es_co\/tratamientos\/coolifting\/\">Coolifting<\/a><\/li><li class=\"elementor-sitemap-item elementor-sitemap-item-product page_item page-item-3202\"><a href=\"https:\/\/carmenjguerra.com\/es_co\/tratamientos\/coolshaping\/\">Coolshaping<\/a><\/li><li class=\"elementor-sitemap-item elementor-sitemap-item-product page_item page-item-3455\"><a href=\"https:\/\/carmenjguerra.com\/es_co\/tratamientos\/cupping-therapy\/\">Cupping Therapy<\/a><\/li><li class=\"elementor-sitemap-item elementor-sitemap-item-product page_item page-item-10092\"><a href=\"https:\/\/carmenjguerra.com\/es_co\/tratamientos\/depilacion-laser-barranquilla\/\">Depilaci\u00f3n L\u00e1ser<\/a><\/li><li class=\"elementor-sitemap-item elementor-sitemap-item-product page_item page-item-3244\"><a href=\"https:\/\/carmenjguerra.com\/es_co\/tratamientos\/dermashine\/\">Dermashine<\/a><\/li><li class=\"elementor-sitemap-item elementor-sitemap-item-product page_item page-item-3913\"><a href=\"https:\/\/carmenjguerra.com\/es_co\/tratamientos\/dolor-de-espalda\/\">Dolor de Espalda<\/a><\/li><li class=\"elementor-sitemap-item elementor-sitemap-item-product page_item page-item-3919\"><a href=\"https:\/\/carmenjguerra.com\/es_co\/tratamientos\/e-s-complex\/\">E.S. Complex<\/a><\/li><li class=\"elementor-sitemap-item elementor-sitemap-item-product page_item page-item-3442\"><a href=\"https:\/\/carmenjguerra.com\/es_co\/tratamientos\/estrias-con-dermashine\/\">Estrias con Dermashine<\/a><\/li><li class=\"elementor-sitemap-item elementor-sitemap-item-product page_item page-item-10382\"><a href=\"https:\/\/carmenjguerra.com\/es_co\/tratamientos\/exosomas-capilares-barranquilla\/\">Exosomas Capilares<\/a><\/li><li class=\"elementor-sitemap-item elementor-sitemap-item-product page_item page-item-10391\"><a href=\"https:\/\/carmenjguerra.com\/es_co\/tratamientos\/exosomas-faciales-barranquilla\/\">Exosomas Faciales<\/a><\/li><li class=\"elementor-sitemap-item elementor-sitemap-item-product page_item page-item-3242\"><a href=\"https:\/\/carmenjguerra.com\/es_co\/tratamientos\/genesis\/\">G\u00e9nesis<\/a><\/li><li class=\"elementor-sitemap-item elementor-sitemap-item-product page_item page-item-9385\"><a href=\"https:\/\/carmenjguerra.com\/es_co\/tratamientos\/glass-glow\/\">Glass Glow<\/a><\/li><li class=\"elementor-sitemap-item elementor-sitemap-item-product page_item page-item-5217\"><a href=\"https:\/\/carmenjguerra.com\/es_co\/tratamientos\/harmonyca\/\">HArmonyCA<\/a><\/li><li class=\"elementor-sitemap-item elementor-sitemap-item-product page_item page-item-3637\"><a href=\"https:\/\/carmenjguerra.com\/es_co\/tratamientos\/hidratacion-con-acido-hialuronico\/\">Hidrataci\u00f3n con \u00c1cido Hialur\u00f3nico<\/a><\/li><li class=\"elementor-sitemap-item elementor-sitemap-item-product page_item page-item-3439\"><a href=\"https:\/\/carmenjguerra.com\/es_co\/tratamientos\/hidrolipoclasia-ultrasonica\/\">Hidrolipoclasia Ultras\u00f3nica<\/a><\/li><li class=\"elementor-sitemap-item elementor-sitemap-item-product page_item page-item-3642\"><a href=\"https:\/\/carmenjguerra.com\/es_co\/tratamientos\/hilos-pdo-lisos-magicos\/\">Hilos PDO Lisos M\u00e1gicos<\/a><\/li><li class=\"elementor-sitemap-item elementor-sitemap-item-product page_item page-item-4037\"><a href=\"https:\/\/carmenjguerra.com\/es_co\/tratamientos\/hilos-tensores\/\">Hilos Tensores<\/a><\/li><li class=\"elementor-sitemap-item elementor-sitemap-item-product page_item page-item-3180\"><a href=\"https:\/\/carmenjguerra.com\/es_co\/tratamientos\/hollywood-peel\/\">Hollywood Peel<\/a><\/li><li class=\"elementor-sitemap-item elementor-sitemap-item-product page_item page-item-5421\"><a href=\"https:\/\/carmenjguerra.com\/es_co\/tratamientos\/hydrafacial\/\">Hydrafacial<\/a><\/li><li class=\"elementor-sitemap-item elementor-sitemap-item-product page_item page-item-3621\"><a href=\"https:\/\/carmenjguerra.com\/es_co\/tratamientos\/hypersculpt\/\">Hypersculpt<\/a><\/li><li class=\"elementor-sitemap-item elementor-sitemap-item-product page_item page-item-3892\"><a href=\"https:\/\/carmenjguerra.com\/es_co\/tratamientos\/indiba\/\">Indiba Deep Care<\/a><\/li><li class=\"elementor-sitemap-item elementor-sitemap-item-product page_item page-item-4016\"><a href=\"https:\/\/carmenjguerra.com\/es_co\/tratamientos\/laser-opti-firm\/\">Laser Opti Firm<\/a><\/li><li class=\"elementor-sitemap-item elementor-sitemap-item-product page_item page-item-3573\"><a href=\"https:\/\/carmenjguerra.com\/es_co\/tratamientos\/limpieza-facial\/\">Limpieza Facial<\/a><\/li><li class=\"elementor-sitemap-item elementor-sitemap-item-product page_item page-item-3594\"><a href=\"https:\/\/carmenjguerra.com\/es_co\/tratamientos\/lipomasage-endermologie\/\">Lipomasage Endermologie<\/a><\/li><li class=\"elementor-sitemap-item elementor-sitemap-item-product page_item page-item-4025\"><a href=\"https:\/\/carmenjguerra.com\/es_co\/tratamientos\/lipopapada\/\">Lipopapada<\/a><\/li><li class=\"elementor-sitemap-item elementor-sitemap-item-product page_item page-item-3909\"><a href=\"https:\/\/carmenjguerra.com\/es_co\/tratamientos\/manejo-de-migrana\/\">Manejo de Migra\u00f1a<\/a><\/li><li class=\"elementor-sitemap-item elementor-sitemap-item-product page_item page-item-3655\"><a href=\"https:\/\/carmenjguerra.com\/es_co\/tratamientos\/marcacion-mandibular\/\">Marcaci\u00f3n Mandibular<\/a><\/li><li class=\"elementor-sitemap-item elementor-sitemap-item-product page_item page-item-3606\"><a href=\"https:\/\/carmenjguerra.com\/es_co\/tratamientos\/masaje-y-relajacion\/\">Masaje y Relajaci\u00f3n<\/a><\/li><li class=\"elementor-sitemap-item elementor-sitemap-item-product page_item page-item-3251\"><a href=\"https:\/\/carmenjguerra.com\/es_co\/tratamientos\/mascarilla24k\/\">Mascarilla de Oro 24K Certificados<\/a><\/li><li class=\"elementor-sitemap-item elementor-sitemap-item-product page_item page-item-8634\"><a href=\"https:\/\/carmenjguerra.com\/es_co\/tratamientos\/medicina-funcional\/\">Medicina Funcional<\/a><\/li><li class=\"elementor-sitemap-item elementor-sitemap-item-product page_item page-item-3627\"><a href=\"https:\/\/carmenjguerra.com\/es_co\/tratamientos\/moxibustion\/\">Moxibusti\u00f3n<\/a><\/li><li class=\"elementor-sitemap-item elementor-sitemap-item-product page_item page-item-3586\"><a href=\"https:\/\/carmenjguerra.com\/es_co\/tratamientos\/oxigenoterapia\/\">Oxigenoterapia Facial<\/a><\/li><li class=\"elementor-sitemap-item elementor-sitemap-item-product page_item page-item-4491\"><a href=\"https:\/\/carmenjguerra.com\/es_co\/tratamientos\/oxygen-hidrogen-antioxidante\/\">Oxygen-Hidrogen<\/a><\/li><li class=\"elementor-sitemap-item elementor-sitemap-item-product page_item page-item-3440\"><a href=\"https:\/\/carmenjguerra.com\/es_co\/tratamientos\/ozonoterapia\/\">Ozonoterapia<\/a><\/li><li class=\"elementor-sitemap-item elementor-sitemap-item-product page_item page-item-3560\"><a href=\"https:\/\/carmenjguerra.com\/es_co\/tratamientos\/photocare\/\">PhotoCare<\/a><\/li><li class=\"elementor-sitemap-item elementor-sitemap-item-product page_item page-item-3253\"><a href=\"https:\/\/carmenjguerra.com\/es_co\/tratamientos\/prp\/\">Plasma Rico en Plaquetas con Ozono<\/a><\/li><li class=\"elementor-sitemap-item elementor-sitemap-item-product page_item page-item-3935\"><a href=\"https:\/\/carmenjguerra.com\/es_co\/tratamientos\/plasma-rico-en-plaquetas-potencializado\/\">Plasma Rico en Plaquetas Potencializado<\/a><\/li><li class=\"elementor-sitemap-item elementor-sitemap-item-product page_item page-item-3632\"><a href=\"https:\/\/carmenjguerra.com\/es_co\/tratamientos\/protocolo-de-acne\/\">Protocolo de Acn\u00e9<\/a><\/li><li class=\"elementor-sitemap-item elementor-sitemap-item-product page_item page-item-3633\"><a href=\"https:\/\/carmenjguerra.com\/es_co\/tratamientos\/protocolo-en-el-manejo-de-fibromialgia\/\">Protocolo en el Manejo de Fibromialgia<\/a><\/li><li class=\"elementor-sitemap-item elementor-sitemap-item-product page_item page-item-3659\"><a href=\"https:\/\/carmenjguerra.com\/es_co\/tratamientos\/radiesse\/\">Radiesse<\/a><\/li><li class=\"elementor-sitemap-item elementor-sitemap-item-product page_item page-item-3441\"><a href=\"https:\/\/carmenjguerra.com\/es_co\/tratamientos\/remocion-de-tatuaje\/\">Remoci\u00f3n de Tatuaje<\/a><\/li><li class=\"elementor-sitemap-item elementor-sitemap-item-product page_item page-item-3450\"><a href=\"https:\/\/carmenjguerra.com\/es_co\/tratamientos\/rinomodelacion\/\">Rinomodelaci\u00f3n<\/a><\/li><li class=\"elementor-sitemap-item elementor-sitemap-item-product page_item page-item-5845\"><a href=\"https:\/\/carmenjguerra.com\/es_co\/tratamientos\/sculptra-en-gluteos\/\">Sculptra En Gl\u00fateos Para Celulitis<\/a><\/li><li class=\"elementor-sitemap-item elementor-sitemap-item-product page_item page-item-3900\"><a href=\"https:\/\/carmenjguerra.com\/es_co\/tratamientos\/silla-pelvica-hypersedia\/\">Silla P\u00e9lvica<\/a><\/li><li class=\"elementor-sitemap-item elementor-sitemap-item-product page_item page-item-3566\"><a href=\"https:\/\/carmenjguerra.com\/es_co\/tratamientos\/skinlight\/\">Skinlight<\/a><\/li><li class=\"elementor-sitemap-item elementor-sitemap-item-product page_item page-item-3929\"><a href=\"https:\/\/carmenjguerra.com\/es_co\/tratamientos\/sueroterapia\/\">Sueroterapia<\/a><\/li><li class=\"elementor-sitemap-item elementor-sitemap-item-product page_item page-item-4027\"><a href=\"https:\/\/carmenjguerra.com\/es_co\/tratamientos\/toxina-botulinica\/\">Toxina Botulinica<\/a><\/li><li class=\"elementor-sitemap-item elementor-sitemap-item-product page_item page-item-3599\"><a href=\"https:\/\/carmenjguerra.com\/es_co\/tratamientos\/ultratone-futura-pro\/\">Ultratone Futura Pro<\/a><\/li><li class=\"elementor-sitemap-item elementor-sitemap-item-product page_item page-item-3614\"><a href=\"https:\/\/carmenjguerra.com\/es_co\/tratamientos\/venus-freeze-corporal\/\">Venus Freeze Corporal<\/a><\/li><li class=\"elementor-sitemap-item elementor-sitemap-item-product page_item page-item-3555\"><a href=\"https:\/\/carmenjguerra.com\/es_co\/tratamientos\/venus-freeze-facial\/\">Venus Freeze Facial<\/a><\/li><li class=\"elementor-sitemap-item elementor-sitemap-item-product page_item page-item-3580\"><a href=\"https:\/\/carmenjguerra.com\/es_co\/tratamientos\/venus-viva\/\">Venus Viva<\/a><\/li><li class=\"elementor-sitemap-item elementor-sitemap-item-product page_item page-item-3446\"><a href=\"https:\/\/carmenjguerra.com\/es_co\/tratamientos\/whitening-en-gluteos\/\">Whitening en Gl\u00fateos<\/a><\/li><li class=\"elementor-sitemap-item elementor-sitemap-item-product page_item page-item-3592\"><a href=\"https:\/\/carmenjguerra.com\/es_co\/tratamientos\/whitening-skin\/\">Whitening Skin<\/a><\/li><\/ul><\/div><\/div>\t\t\t\t<\/div>\n\t\t\t\t<\/div>\n\t\t\t\t<\/div>\n\t\t\t\t<\/div>\n\t\t","protected":false},"excerpt":{"rendered":"","protected":false},"author":3,"featured_media":0,"parent":0,"menu_order":0,"comment_status":"closed","ping_status":"closed","template":"elementor_header_footer","meta":{"_acf_changed":false,"_joinchat":[],"footnotes":""},"class_list":["post-9151","page","type-page","status-publish","hentry"],"acf":[],"yoast_head":"<!-- This site is optimized with the Yoast SEO plugin v26.9 - https:\/\/yoast.com\/product\/yoast-seo-wordpress\/ -->\n<title>Mapa Del Sitio | Carmen J. Guerra<\/title>\n<meta name=\"robots\" content=\"noindex, follow\" \/>\n<meta property=\"og:locale\" content=\"es_ES\" \/>\n<meta property=\"og:type\" content=\"article\" \/>\n<meta property=\"og:title\" content=\"Mapa Del Sitio | Carmen J. Guerra\" \/>\n<meta property=\"og:url\" content=\"https:\/\/carmenjguerra.com\/es_co\/mapa-del-sitio\/\" \/>\n<meta property=\"og:site_name\" content=\"Carmen J. Guerra\" \/>\n<meta property=\"article:modified_time\" content=\"2024-03-26T13:40:06+00:00\" \/>\n<meta name=\"twitter:card\" content=\"summary_large_image\" \/>\n<meta name=\"twitter:label1\" content=\"Tiempo de lectura\" \/>\n\t<meta name=\"twitter:data1\" content=\"1 minuto\" \/>\n<!-- \/ Yoast SEO plugin. -->","yoast_head_json":{"title":"Mapa Del Sitio | Carmen J. Guerra","robots":{"index":"noindex","follow":"follow"},"og_locale":"es_ES","og_type":"article","og_title":"Mapa Del Sitio | Carmen J. Guerra","og_url":"https:\/\/carmenjguerra.com\/es_co\/mapa-del-sitio\/","og_site_name":"Carmen J. Guerra","article_modified_time":"2024-03-26T13:40:06+00:00","twitter_card":"summary_large_image","twitter_misc":{"Tiempo de lectura":"1 minuto"},"schema":{"@context":"https:\/\/schema.org","@graph":[{"@type":"WebPage","@id":"https:\/\/carmenjguerra.com\/mapa-del-sitio\/","url":"https:\/\/carmenjguerra.com\/mapa-del-sitio\/","name":"Mapa Del Sitio | Carmen J. Guerra","isPartOf":{"@id":"https:\/\/carmenjguerra.com\/#website"},"datePublished":"2024-03-26T13:33:57+00:00","dateModified":"2024-03-26T13:40:06+00:00","breadcrumb":{"@id":"https:\/\/carmenjguerra.com\/mapa-del-sitio\/#breadcrumb"},"inLanguage":"es-CO","potentialAction":[{"@type":"ReadAction","target":["https:\/\/carmenjguerra.com\/mapa-del-sitio\/"]}]},{"@type":"BreadcrumbList","@id":"https:\/\/carmenjguerra.com\/mapa-del-sitio\/#breadcrumb","itemListElement":[{"@type":"ListItem","position":1,"name":"Inicio","item":"https:\/\/carmenjguerra.com\/es_co\/"},{"@type":"ListItem","position":2,"name":"Mapa Del Sitio"}]},{"@type":"WebSite","@id":"https:\/\/carmenjguerra.com\/#website","url":"https:\/\/carmenjguerra.com\/","name":"Carmen J. Guerra","description":"Centro M\u00e9dico Est\u00e9tico","potentialAction":[{"@type":"SearchAction","target":{"@type":"EntryPoint","urlTemplate":"https:\/\/carmenjguerra.com\/?s={search_term_string}"},"query-input":{"@type":"PropertyValueSpecification","valueRequired":true,"valueName":"search_term_string"}}],"inLanguage":"es-CO"}]}},"_links":{"self":[{"href":"https:\/\/carmenjguerra.com\/es_co\/wp-json\/wp\/v2\/pages\/9151","targetHints":{"allow":["GET"]}}],"collection":[{"href":"https:\/\/carmenjguerra.com\/es_co\/wp-json\/wp\/v2\/pages"}],"about":[{"href":"https:\/\/carmenjguerra.com\/es_co\/wp-json\/wp\/v2\/types\/page"}],"author":[{"embeddable":true,"href":"https:\/\/carmenjguerra.com\/es_co\/wp-json\/wp\/v2\/users\/3"}],"replies":[{"embeddable":true,"href":"https:\/\/carmenjguerra.com\/es_co\/wp-json\/wp\/v2\/comments?post=9151"}],"version-history":[{"count":4,"href":"https:\/\/carmenjguerra.com\/es_co\/wp-json\/wp\/v2\/pages\/9151\/revisions"}],"predecessor-version":[{"id":9155,"href":"https:\/\/carmenjguerra.com\/es_co\/wp-json\/wp\/v2\/pages\/9151\/revisions\/9155"}],"wp:attachment":[{"href":"https:\/\/carmenjguerra.com\/es_co\/wp-json\/wp\/v2\/media?parent=9151"}],"curies":[{"name":"wp","href":"https:\/\/api.w.org\/{rel}","templated":true}]}}