{"id":5430,"date":"2023-05-04T09:48:56","date_gmt":"2023-05-04T14:48:56","guid":{"rendered":"https:\/\/carmenjguerra.com\/?page_id=5430"},"modified":"2024-04-13T07:05:16","modified_gmt":"2024-04-13T12:05:16","slug":"rejuvenecimiento-facial","status":"publish","type":"page","link":"https:\/\/carmenjguerra.com\/es_co\/rejuvenecimiento-facial\/","title":{"rendered":"Rejuvenecimiento Facial"},"content":{"rendered":"\t\t<div data-elementor-type=\"wp-page\" data-elementor-id=\"5430\" class=\"elementor elementor-5430\" data-elementor-post-type=\"page\">\n\t\t\t\t\t\t<section class=\"elementor-section elementor-top-section elementor-element elementor-element-e9421d3 elementor-section-full_width elementor-section-height-min-height elementor-section-content-top elementor-section-height-default elementor-section-items-middle\" data-id=\"e9421d3\" data-element_type=\"section\" data-e-type=\"section\" data-settings=\"{&quot;background_background&quot;:&quot;classic&quot;}\">\n\t\t\t\t\t\t\t<div class=\"elementor-background-overlay\"><\/div>\n\t\t\t\t\t\t\t<div class=\"elementor-container elementor-column-gap-no\">\n\t\t\t\t\t<div class=\"elementor-column elementor-col-100 elementor-top-column elementor-element elementor-element-a0b3b9a\" data-id=\"a0b3b9a\" data-element_type=\"column\" data-e-type=\"column\">\n\t\t\t<div class=\"elementor-widget-wrap elementor-element-populated\">\n\t\t\t\t\t\t<div class=\"elementor-element elementor-element-707c233 elementor-widget__width-initial elementor-widget elementor-widget-heading\" data-id=\"707c233\" data-element_type=\"widget\" data-e-type=\"widget\" data-widget_type=\"heading.default\">\n\t\t\t\t<div class=\"elementor-widget-container\">\n\t\t\t\t\t<h1 class=\"elementor-heading-title elementor-size-default\">Somos Innovaci\u00f3n En Rejuvenecimiento Facial En Barranquilla<\/h1>\t\t\t\t<\/div>\n\t\t\t\t<\/div>\n\t\t\t\t<div class=\"elementor-element elementor-element-40c9cf0 elementor-widget elementor-widget-text-editor\" data-id=\"40c9cf0\" data-element_type=\"widget\" data-e-type=\"widget\" data-widget_type=\"text-editor.default\">\n\t\t\t\t<div class=\"elementor-widget-container\">\n\t\t\t\t\t\t\t\t\t<p><span style=\"font-weight: 400;\">Contamos con la tecnolog\u00eda m\u00e1s avanzada y efectiva para el <strong>rejuvenecimiento facial<\/strong>, y un equipo de profesionales certificados, siempre listos para cuidar de ti.<\/span><\/p>\t\t\t\t\t\t\t\t<\/div>\n\t\t\t\t<\/div>\n\t\t\t\t<div class=\"elementor-element elementor-element-a018f5b elementor-icon-list--layout-inline elementor-align-center elementor-tablet-align-center elementor-list-item-link-full_width elementor-widget elementor-widget-icon-list\" data-id=\"a018f5b\" data-element_type=\"widget\" data-e-type=\"widget\" data-widget_type=\"icon-list.default\">\n\t\t\t\t<div class=\"elementor-widget-container\">\n\t\t\t\t\t\t\t<ul class=\"elementor-icon-list-items elementor-inline-items\">\n\t\t\t\t\t\t\t<li class=\"elementor-icon-list-item elementor-inline-item\">\n\t\t\t\t\t\t\t\t\t\t\t<a href=\"https:\/\/carmenjguerra.com\/contacto\/\">\n\n\t\t\t\t\t\t\t\t\t\t\t\t<span class=\"elementor-icon-list-icon\">\n\t\t\t\t\t\t\t<i aria-hidden=\"true\" class=\"far fa-calendar-alt\"><\/i>\t\t\t\t\t\t<\/span>\n\t\t\t\t\t\t\t\t\t\t<span class=\"elementor-icon-list-text\">Agenda Una Cita<\/span>\n\t\t\t\t\t\t\t\t\t\t\t<\/a>\n\t\t\t\t\t\t\t\t\t<\/li>\n\t\t\t\t\t\t\t\t<li class=\"elementor-icon-list-item elementor-inline-item\">\n\t\t\t\t\t\t\t\t\t\t\t<a href=\"#rejuvenecimiento\">\n\n\t\t\t\t\t\t\t\t\t\t\t\t<span class=\"elementor-icon-list-icon\">\n\t\t\t\t\t\t\t<i aria-hidden=\"true\" class=\"far fa-eye\"><\/i>\t\t\t\t\t\t<\/span>\n\t\t\t\t\t\t\t\t\t\t<span class=\"elementor-icon-list-text\">Explora Tratamientos<\/span>\n\t\t\t\t\t\t\t\t\t\t\t<\/a>\n\t\t\t\t\t\t\t\t\t<\/li>\n\t\t\t\t\t\t<\/ul>\n\t\t\t\t\t\t<\/div>\n\t\t\t\t<\/div>\n\t\t\t\t\t<\/div>\n\t\t<\/div>\n\t\t\t\t\t<\/div>\n\t\t<\/section>\n\t\t\t\t<section class=\"elementor-section elementor-top-section elementor-element elementor-element-3d9c0d9 elementor-section-boxed elementor-section-height-default elementor-section-height-default\" data-id=\"3d9c0d9\" data-element_type=\"section\" data-e-type=\"section\">\n\t\t\t\t\t\t<div class=\"elementor-container elementor-column-gap-default\">\n\t\t\t\t\t<div class=\"elementor-column elementor-col-100 elementor-top-column elementor-element elementor-element-d8da3c3\" data-id=\"d8da3c3\" data-element_type=\"column\" data-e-type=\"column\">\n\t\t\t<div class=\"elementor-widget-wrap elementor-element-populated\">\n\t\t\t\t\t\t<div class=\"elementor-element elementor-element-5a07e31 elementor-widget elementor-widget-text-editor\" data-id=\"5a07e31\" data-element_type=\"widget\" data-e-type=\"widget\" data-widget_type=\"text-editor.default\">\n\t\t\t\t<div class=\"elementor-widget-container\">\n\t\t\t\t\t\t\t\t\t<p><span style=\"font-weight: 400;\">En Carmen J Guerra Centro M\u00e9dico Est\u00e9tico sabemos que quieres lucir m\u00e1s joven y radiante, por eso ofrecemos los tratamientos m\u00e1s avanzados y efectivos para revertir los efectos del tiempo en tu piel.<\/span><\/p><p><span style=\"font-weight: 400;\">Nuestra amplia oferta de tratamientos para el rejuvenecimiento facial incluye <strong>b\u00f3tox, rellenos faciales<\/strong> y <strong>bioestimuladores<\/strong> de \u00faltima generaci\u00f3n para reducir las arrugas y l\u00edneas de expresi\u00f3n. Estos tratamientos son r\u00e1pidos, seguros y proporcionan resultados sorprendentes en poco tiempo.<\/span><\/p><p><span style=\"font-weight: 400;\">Adem\u00e1s, en nuestro centro contamos con t\u00e9cnicas innovadoras como la <strong>radiofrecuencia<\/strong> y la <strong>microdermoabrasi\u00f3n<\/strong>. Estos procedimientos no invasivos son ideales para mejorar la textura de la piel y tratar problemas como las manchas y la flacidez.<\/span><\/p><p><span style=\"font-weight: 400;\">Otro de nuestros tratamientos estrella es el l\u00e1ser CO2 fraccionado, que estimula la producci\u00f3n de <a href=\"https:\/\/www.mesoestetic.es\/blog\/para-que-sirve-el-colageno\/\" target=\"_blank\" rel=\"noopener\"><strong>col\u00e1geno<\/strong><\/a> y ayuda a reducir las cicatrices y las marcas de acn\u00e9. Este procedimiento es indoloro y proporciona resultados a largo plazo.<\/span><\/p><p><span style=\"font-weight: 400;\">Tambi\u00e9n ofrecemos tratamientos de mesoterapia facial, en los que se inyectan vitaminas y antioxidantes para mejorar la hidrataci\u00f3n y la elasticidad de la piel. Este tratamiento es ideal para personas con piel seca y opaca.<\/span><\/p>\t\t\t\t\t\t\t\t<\/div>\n\t\t\t\t<\/div>\n\t\t\t\t\t<\/div>\n\t\t<\/div>\n\t\t\t\t\t<\/div>\n\t\t<\/section>\n\t\t\t\t<section class=\"elementor-section elementor-top-section elementor-element elementor-element-4fa4f47 elementor-section-boxed elementor-section-height-default elementor-section-height-default\" data-id=\"4fa4f47\" data-element_type=\"section\" data-e-type=\"section\">\n\t\t\t\t\t\t<div class=\"elementor-container elementor-column-gap-default\">\n\t\t\t\t\t<div class=\"elementor-column elementor-col-100 elementor-top-column elementor-element elementor-element-1206469\" data-id=\"1206469\" data-element_type=\"column\" data-e-type=\"column\">\n\t\t\t<div class=\"elementor-widget-wrap elementor-element-populated\">\n\t\t\t\t\t\t<div class=\"elementor-element elementor-element-68921e3 elementor-widget elementor-widget-menu-anchor\" data-id=\"68921e3\" data-element_type=\"widget\" data-e-type=\"widget\" data-widget_type=\"menu-anchor.default\">\n\t\t\t\t<div class=\"elementor-widget-container\">\n\t\t\t\t\t\t\t<div class=\"elementor-menu-anchor\" id=\"rejuvenecimiento\"><\/div>\n\t\t\t\t\t\t<\/div>\n\t\t\t\t<\/div>\n\t\t\t\t<div class=\"elementor-element elementor-element-f202e0f elementor-widget elementor-widget-heading\" data-id=\"f202e0f\" data-element_type=\"widget\" data-e-type=\"widget\" data-widget_type=\"heading.default\">\n\t\t\t\t<div class=\"elementor-widget-container\">\n\t\t\t\t\t<h2 class=\"elementor-heading-title elementor-size-default\">Tratamientos Top Para Rejuvenecimiento Facial En Barranquilla.<\/h2>\t\t\t\t<\/div>\n\t\t\t\t<\/div>\n\t\t\t\t<div class=\"elementor-element elementor-element-f2ad214 elementor-grid-3 elementor-grid-tablet-2 elementor-grid-mobile-1 elementor-widget elementor-widget-portfolio\" data-id=\"f2ad214\" data-element_type=\"widget\" data-e-type=\"widget\" data-settings=\"{&quot;item_ratio&quot;:{&quot;unit&quot;:&quot;px&quot;,&quot;size&quot;:0.81999999999999995115018691649311222136020660400390625,&quot;sizes&quot;:[]},&quot;columns&quot;:&quot;3&quot;,&quot;columns_tablet&quot;:&quot;2&quot;,&quot;columns_mobile&quot;:&quot;1&quot;,&quot;item_gap&quot;:{&quot;unit&quot;:&quot;px&quot;,&quot;size&quot;:&quot;&quot;,&quot;sizes&quot;:[]},&quot;row_gap&quot;:{&quot;unit&quot;:&quot;px&quot;,&quot;size&quot;:&quot;&quot;,&quot;sizes&quot;:[]}}\" data-widget_type=\"portfolio.default\">\n\t\t\t\t<div class=\"elementor-widget-container\">\n\t\t\t\t\t\t\t<div class=\"elementor-portfolio elementor-grid elementor-posts-container\">\n\t\t\t\t<article class=\"elementor-portfolio-item elementor-post  post-5421 product type-product status-publish has-post-thumbnail product_cat-estetica-facial first instock shipping-taxable product-type-simple\">\n\t\t\t<a class=\"elementor-post__thumbnail__link\" href=\"https:\/\/carmenjguerra.com\/es_co\/tratamientos\/hydrafacial\/\">\n\t\t\t\t<div class=\"elementor-portfolio-item__img elementor-post__thumbnail\">\n\t\t\t<img fetchpriority=\"high\" decoding=\"async\" width=\"300\" height=\"225\" src=\"https:\/\/carmenjguerra.com\/wp-content\/uploads\/2023\/05\/hydrafacial-barranquilla-3-300x225.jpg\" class=\"attachment-medium size-medium wp-image-5425\" alt=\"Imagen de tratamiento Hydrafacial en mujer.\" srcset=\"https:\/\/carmenjguerra.com\/wp-content\/uploads\/2023\/05\/hydrafacial-barranquilla-3-300x225.jpg 300w, https:\/\/carmenjguerra.com\/wp-content\/uploads\/2023\/05\/hydrafacial-barranquilla-3-768x576.jpg 768w, https:\/\/carmenjguerra.com\/wp-content\/uploads\/2023\/05\/hydrafacial-barranquilla-3-600x450.jpg 600w, https:\/\/carmenjguerra.com\/wp-content\/uploads\/2023\/05\/hydrafacial-barranquilla-3.jpg 1024w\" sizes=\"(max-width: 300px) 100vw, 300px\" \/>\t\t<\/div>\n\t\t\t\t<div class=\"elementor-portfolio-item__overlay\">\n\t\t\t\t<h3 class=\"elementor-portfolio-item__title\">\n\t\tHydrafacial\t\t<\/h3>\n\t\t\t\t<\/div>\n\t\t\t\t<\/a>\n\t\t<\/article>\n\t\t\t\t<article class=\"elementor-portfolio-item elementor-post  post-5217 product type-product status-publish has-post-thumbnail product_cat-medicina-estetica onbackorder virtual product-type-simple\">\n\t\t\t<a class=\"elementor-post__thumbnail__link\" href=\"https:\/\/carmenjguerra.com\/es_co\/tratamientos\/harmonyca\/\">\n\t\t\t\t<div class=\"elementor-portfolio-item__img elementor-post__thumbnail\">\n\t\t\t<img decoding=\"async\" width=\"200\" height=\"300\" src=\"https:\/\/carmenjguerra.com\/wp-content\/uploads\/2023\/03\/harmonyca-1-200x300.jpg\" class=\"attachment-medium size-medium wp-image-5218\" alt=\"imagen de mujer en tratamiento con Harmonyca\" srcset=\"https:\/\/carmenjguerra.com\/wp-content\/uploads\/2023\/03\/harmonyca-1-200x300.jpg 200w, https:\/\/carmenjguerra.com\/wp-content\/uploads\/2023\/03\/harmonyca-1-684x1024.jpg 684w, https:\/\/carmenjguerra.com\/wp-content\/uploads\/2023\/03\/harmonyca-1-768x1150.jpg 768w, https:\/\/carmenjguerra.com\/wp-content\/uploads\/2023\/03\/harmonyca-1-1026x1536.jpg 1026w, https:\/\/carmenjguerra.com\/wp-content\/uploads\/2023\/03\/harmonyca-1-600x899.jpg 600w, https:\/\/carmenjguerra.com\/wp-content\/uploads\/2023\/03\/harmonyca-1.jpg 1282w\" sizes=\"(max-width: 200px) 100vw, 200px\" \/>\t\t<\/div>\n\t\t\t\t<div class=\"elementor-portfolio-item__overlay\">\n\t\t\t\t<h3 class=\"elementor-portfolio-item__title\">\n\t\tHArmonyCA\t\t<\/h3>\n\t\t\t\t<\/div>\n\t\t\t\t<\/a>\n\t\t<\/article>\n\t\t\t\t<article class=\"elementor-portfolio-item elementor-post  post-4034 product type-product status-publish has-post-thumbnail product_cat-medicina-estetica product_tag-acidohialuronico product_tag-armonizacionfacial product_tag-aumentodelabios product_tag-fejuvenecimiento product_tag-hidrataciondelabios product_tag-labios instock shipping-taxable product-type-simple\">\n\t\t\t<a class=\"elementor-post__thumbnail__link\" href=\"https:\/\/carmenjguerra.com\/es_co\/tratamientos\/acido-hialuronico-de-relleno\/\">\n\t\t\t\t<div class=\"elementor-portfolio-item__img elementor-post__thumbnail\">\n\t\t\t<img decoding=\"async\" width=\"300\" height=\"225\" src=\"https:\/\/carmenjguerra.com\/wp-content\/uploads\/2022\/05\/acido-hialuronico-de-relleno-300x225.jpg\" class=\"attachment-medium size-medium wp-image-5318\" alt=\"Imagen de tratamiento con \u00e1cido hialur\u00f3nico de relleno en mujer\" srcset=\"https:\/\/carmenjguerra.com\/wp-content\/uploads\/2022\/05\/acido-hialuronico-de-relleno-300x225.jpg 300w, https:\/\/carmenjguerra.com\/wp-content\/uploads\/2022\/05\/acido-hialuronico-de-relleno-768x576.jpg 768w, https:\/\/carmenjguerra.com\/wp-content\/uploads\/2022\/05\/acido-hialuronico-de-relleno-600x450.jpg 600w, https:\/\/carmenjguerra.com\/wp-content\/uploads\/2022\/05\/acido-hialuronico-de-relleno.jpg 1024w\" sizes=\"(max-width: 300px) 100vw, 300px\" \/>\t\t<\/div>\n\t\t\t\t<div class=\"elementor-portfolio-item__overlay\">\n\t\t\t\t<h3 class=\"elementor-portfolio-item__title\">\n\t\t\u00c1cido Hialur\u00f3nico De Relleno\t\t<\/h3>\n\t\t\t\t<\/div>\n\t\t\t\t<\/a>\n\t\t<\/article>\n\t\t\t\t<article class=\"elementor-portfolio-item elementor-post  post-4027 product type-product status-publish has-post-thumbnail product_cat-medicina-estetica product_tag-acidohialuronico product_tag-belleza product_tag-botox product_tag-bruxismo product_tag-codigodebarras product_tag-colageno product_tag-dysport product_tag-enmanosexpertas product_tag-fullface product_tag-masetero product_tag-rejuvenecetupiel product_tag-sinarrugas product_tag-skincare product_tag-toxina product_tag-toxina-botulinica last instock shipping-taxable product-type-simple\">\n\t\t\t<a class=\"elementor-post__thumbnail__link\" href=\"https:\/\/carmenjguerra.com\/es_co\/tratamientos\/toxina-botulinica\/\">\n\t\t\t\t<div class=\"elementor-portfolio-item__img elementor-post__thumbnail\">\n\t\t\t<img loading=\"lazy\" decoding=\"async\" width=\"300\" height=\"225\" src=\"https:\/\/carmenjguerra.com\/wp-content\/uploads\/2022\/05\/toxina-botulinica-3-300x225.jpg\" class=\"attachment-medium size-medium wp-image-5270\" alt=\"Imagen de tratamiento con toxina botul\u00ednica\" srcset=\"https:\/\/carmenjguerra.com\/wp-content\/uploads\/2022\/05\/toxina-botulinica-3-300x225.jpg 300w, https:\/\/carmenjguerra.com\/wp-content\/uploads\/2022\/05\/toxina-botulinica-3-768x576.jpg 768w, https:\/\/carmenjguerra.com\/wp-content\/uploads\/2022\/05\/toxina-botulinica-3-600x450.jpg 600w, https:\/\/carmenjguerra.com\/wp-content\/uploads\/2022\/05\/toxina-botulinica-3.jpg 1024w\" sizes=\"(max-width: 300px) 100vw, 300px\" \/>\t\t<\/div>\n\t\t\t\t<div class=\"elementor-portfolio-item__overlay\">\n\t\t\t\t<h3 class=\"elementor-portfolio-item__title\">\n\t\tToxina Botulinica\t\t<\/h3>\n\t\t\t\t<\/div>\n\t\t\t\t<\/a>\n\t\t<\/article>\n\t\t\t\t<article class=\"elementor-portfolio-item elementor-post  post-3659 product type-product status-publish has-post-thumbnail product_cat-medicina-estetica product_tag-belleza product_tag-bioestimulacion product_tag-bioestimuladoresdecolageno product_tag-facetem product_tag-gluteos product_tag-hidroxiapatita product_tag-hidroxiapatitadecalcio product_tag-radiessefiller product_tag-rejuvenecimientodecuello product_tag-rejuvenecimientofacial first instock shipping-taxable product-type-simple\">\n\t\t\t<a class=\"elementor-post__thumbnail__link\" href=\"https:\/\/carmenjguerra.com\/es_co\/tratamientos\/radiesse\/\">\n\t\t\t\t<div class=\"elementor-portfolio-item__img elementor-post__thumbnail\">\n\t\t\t<img loading=\"lazy\" decoding=\"async\" width=\"200\" height=\"300\" src=\"https:\/\/carmenjguerra.com\/wp-content\/uploads\/2023\/03\/bioestimulador-radiesse-mujer-200x300.jpg\" class=\"attachment-medium size-medium wp-image-5072\" alt=\"Tratamiento con Radiesse\" srcset=\"https:\/\/carmenjguerra.com\/wp-content\/uploads\/2023\/03\/bioestimulador-radiesse-mujer-200x300.jpg 200w, https:\/\/carmenjguerra.com\/wp-content\/uploads\/2023\/03\/bioestimulador-radiesse-mujer-684x1024.jpg 684w, https:\/\/carmenjguerra.com\/wp-content\/uploads\/2023\/03\/bioestimulador-radiesse-mujer-768x1150.jpg 768w, https:\/\/carmenjguerra.com\/wp-content\/uploads\/2023\/03\/bioestimulador-radiesse-mujer-1026x1536.jpg 1026w, https:\/\/carmenjguerra.com\/wp-content\/uploads\/2023\/03\/bioestimulador-radiesse-mujer-600x899.jpg 600w, https:\/\/carmenjguerra.com\/wp-content\/uploads\/2023\/03\/bioestimulador-radiesse-mujer.jpg 1282w\" sizes=\"(max-width: 200px) 100vw, 200px\" \/>\t\t<\/div>\n\t\t\t\t<div class=\"elementor-portfolio-item__overlay\">\n\t\t\t\t<h3 class=\"elementor-portfolio-item__title\">\n\t\tRadiesse\t\t<\/h3>\n\t\t\t\t<\/div>\n\t\t\t\t<\/a>\n\t\t<\/article>\n\t\t\t\t<article class=\"elementor-portfolio-item elementor-post  post-3642 product type-product status-publish has-post-thumbnail product_cat-medicina-estetica product_tag-armonizacionfacial product_tag-hilospdo product_tag-perfilamiento instock shipping-taxable product-type-simple\">\n\t\t\t<a class=\"elementor-post__thumbnail__link\" href=\"https:\/\/carmenjguerra.com\/es_co\/tratamientos\/hilos-pdo-lisos-magicos\/\">\n\t\t\t\t<div class=\"elementor-portfolio-item__img elementor-post__thumbnail\">\n\t\t\t<img loading=\"lazy\" decoding=\"async\" width=\"300\" height=\"225\" src=\"https:\/\/carmenjguerra.com\/wp-content\/uploads\/2022\/03\/hilos-pdo-barranquilla-300x225.jpg\" class=\"attachment-medium size-medium wp-image-5255\" alt=\"Mujer recibiendo tratamiento con hilos PDO\" srcset=\"https:\/\/carmenjguerra.com\/wp-content\/uploads\/2022\/03\/hilos-pdo-barranquilla-300x225.jpg 300w, https:\/\/carmenjguerra.com\/wp-content\/uploads\/2022\/03\/hilos-pdo-barranquilla-768x576.jpg 768w, https:\/\/carmenjguerra.com\/wp-content\/uploads\/2022\/03\/hilos-pdo-barranquilla-600x450.jpg 600w, https:\/\/carmenjguerra.com\/wp-content\/uploads\/2022\/03\/hilos-pdo-barranquilla.jpg 1024w\" sizes=\"(max-width: 300px) 100vw, 300px\" \/>\t\t<\/div>\n\t\t\t\t<div class=\"elementor-portfolio-item__overlay\">\n\t\t\t\t<h3 class=\"elementor-portfolio-item__title\">\n\t\tHilos PDO Lisos M\u00e1gicos\t\t<\/h3>\n\t\t\t\t<\/div>\n\t\t\t\t<\/a>\n\t\t<\/article>\n\t\t\t\t<\/div>\n\t\t\t\t\t\t<\/div>\n\t\t\t\t<\/div>\n\t\t\t\t<div class=\"elementor-element elementor-element-702ca03 elementor-widget elementor-widget-text-editor\" data-id=\"702ca03\" data-element_type=\"widget\" data-e-type=\"widget\" data-widget_type=\"text-editor.default\">\n\t\t\t\t<div class=\"elementor-widget-container\">\n\t\t\t\t\t\t\t\t\t<p><span style=\"font-weight: 400;\">En nuestro centro m\u00e9dico est\u00e9tico nos aseguramos de que todos nuestros tratamientos sean realizados por profesionales altamente capacitados y con experiencia en medicina est\u00e9tica facial y corporal. Adem\u00e1s, contamos con tecnolog\u00eda de \u00faltima generaci\u00f3n para garantizar la seguridad y la efectividad de todos nuestros procedimientos.<\/span><\/p><p><span style=\"font-weight: 400;\">En resumen, si est\u00e1s buscando los mejores tratamientos para rejuvenecer tu piel, nuestro centro m\u00e9dico est\u00e9tico es tu mejor opci\u00f3n.\u00a0 Cont\u00e1ctanos hoy mismo para agendar una cita y comenzar a lucir una piel m\u00e1s joven y radiante.<\/span><\/p>\t\t\t\t\t\t\t\t<\/div>\n\t\t\t\t<\/div>\n\t\t\t\t<div class=\"elementor-element elementor-element-2cbd090 elementor-align-center elementor-mobile-align-center elementor-widget elementor-widget-button\" data-id=\"2cbd090\" data-element_type=\"widget\" data-e-type=\"widget\" data-widget_type=\"button.default\">\n\t\t\t\t<div class=\"elementor-widget-container\">\n\t\t\t\t\t\t\t\t\t<div class=\"elementor-button-wrapper\">\n\t\t\t\t\t<a class=\"elementor-button elementor-button-link elementor-size-md\" href=\"https:\/\/carmenjguerra.com\/contacto\/\">\n\t\t\t\t\t\t<span class=\"elementor-button-content-wrapper\">\n\t\t\t\t\t\t<span class=\"elementor-button-icon\">\n\t\t\t\t<i aria-hidden=\"true\" class=\"fas fa-long-arrow-alt-right\"><\/i>\t\t\t<\/span>\n\t\t\t\t\t\t\t\t\t<span class=\"elementor-button-text\">Agenda Tu Cita<\/span>\n\t\t\t\t\t<\/span>\n\t\t\t\t\t<\/a>\n\t\t\t\t<\/div>\n\t\t\t\t\t\t\t\t<\/div>\n\t\t\t\t<\/div>\n\t\t\t\t\t<\/div>\n\t\t<\/div>\n\t\t\t\t\t<\/div>\n\t\t<\/section>\n\t\t\t\t<\/div>\n\t\t","protected":false},"excerpt":{"rendered":"<p>Somos Innovaci\u00f3n En Rejuvenecimiento Facial En Barranquilla Contamos con la tecnolog\u00eda m\u00e1s avanzada y efectiva para el rejuvenecimiento facial, y un equipo de profesionales certificados, siempre listos para cuidar de ti. Agenda Una Cita Explora Tratamientos En Carmen J Guerra Centro M\u00e9dico Est\u00e9tico sabemos que quieres lucir m\u00e1s joven y radiante, por eso ofrecemos los [&hellip;]<\/p>\n","protected":false},"author":3,"featured_media":5432,"parent":0,"menu_order":0,"comment_status":"closed","ping_status":"closed","template":"","meta":{"_acf_changed":false,"_joinchat":[],"footnotes":""},"class_list":["post-5430","page","type-page","status-publish","has-post-thumbnail","hentry"],"acf":[],"yoast_head":"<!-- This site is optimized with the Yoast SEO plugin v26.9 - https:\/\/yoast.com\/product\/yoast-seo-wordpress\/ -->\n<title>Rejuvenecimiento Facial En Barranquilla | Carmen J. Guerra<\/title>\n<meta name=\"description\" content=\"Rejuvenecimiento facial en Barranquilla. Bioestimuladores, rellenos, hidrataci\u00f3n, microdermoabrasi\u00f3n 100% profesional.Haz clic y conoce m\u00e1s.\" \/>\n<meta name=\"robots\" content=\"index, follow, max-snippet:-1, max-image-preview:large, max-video-preview:-1\" \/>\n<link rel=\"canonical\" href=\"https:\/\/carmenjguerra.com\/es_co\/rejuvenecimiento-facial\/\" \/>\n<meta property=\"og:locale\" content=\"es_ES\" \/>\n<meta property=\"og:type\" content=\"article\" \/>\n<meta property=\"og:title\" content=\"Rejuvenecimiento Facial En Barranquilla | Carmen J. Guerra\" \/>\n<meta property=\"og:description\" content=\"Rejuvenecimiento facial en Barranquilla. Bioestimuladores, rellenos, hidrataci\u00f3n, microdermoabrasi\u00f3n 100% profesional.Haz clic y conoce m\u00e1s.\" \/>\n<meta property=\"og:url\" content=\"https:\/\/carmenjguerra.com\/es_co\/rejuvenecimiento-facial\/\" \/>\n<meta property=\"og:site_name\" content=\"Carmen J. Guerra\" \/>\n<meta property=\"article:modified_time\" content=\"2024-04-13T12:05:16+00:00\" \/>\n<meta property=\"og:image\" content=\"https:\/\/carmenjguerra.com\/wp-content\/uploads\/2023\/05\/rejuvenecimiento-facial-barranquilla.jpg\" \/>\n\t<meta property=\"og:image:width\" content=\"1024\" \/>\n\t<meta property=\"og:image:height\" content=\"768\" \/>\n\t<meta property=\"og:image:type\" content=\"image\/jpeg\" \/>\n<meta name=\"twitter:card\" content=\"summary_large_image\" \/>\n<meta name=\"twitter:label1\" content=\"Tiempo de lectura\" \/>\n\t<meta name=\"twitter:data1\" content=\"3 minutos\" \/>\n<!-- \/ Yoast SEO plugin. -->","yoast_head_json":{"title":"Rejuvenecimiento Facial En Barranquilla | Carmen J. Guerra","description":"Rejuvenecimiento facial en Barranquilla. Bioestimuladores, rellenos, hidrataci\u00f3n, microdermoabrasi\u00f3n 100% profesional.Haz clic y conoce m\u00e1s.","robots":{"index":"index","follow":"follow","max-snippet":"max-snippet:-1","max-image-preview":"max-image-preview:large","max-video-preview":"max-video-preview:-1"},"canonical":"https:\/\/carmenjguerra.com\/es_co\/rejuvenecimiento-facial\/","og_locale":"es_ES","og_type":"article","og_title":"Rejuvenecimiento Facial En Barranquilla | Carmen J. Guerra","og_description":"Rejuvenecimiento facial en Barranquilla. Bioestimuladores, rellenos, hidrataci\u00f3n, microdermoabrasi\u00f3n 100% profesional.Haz clic y conoce m\u00e1s.","og_url":"https:\/\/carmenjguerra.com\/es_co\/rejuvenecimiento-facial\/","og_site_name":"Carmen J. Guerra","article_modified_time":"2024-04-13T12:05:16+00:00","og_image":[{"width":1024,"height":768,"url":"https:\/\/carmenjguerra.com\/wp-content\/uploads\/2023\/05\/rejuvenecimiento-facial-barranquilla.jpg","type":"image\/jpeg"}],"twitter_card":"summary_large_image","twitter_misc":{"Tiempo de lectura":"3 minutos"},"schema":{"@context":"https:\/\/schema.org","@graph":[{"@type":"WebPage","@id":"https:\/\/carmenjguerra.com\/rejuvenecimiento-facial\/","url":"https:\/\/carmenjguerra.com\/rejuvenecimiento-facial\/","name":"Rejuvenecimiento Facial En Barranquilla | Carmen J. Guerra","isPartOf":{"@id":"https:\/\/carmenjguerra.com\/#website"},"primaryImageOfPage":{"@id":"https:\/\/carmenjguerra.com\/rejuvenecimiento-facial\/#primaryimage"},"image":{"@id":"https:\/\/carmenjguerra.com\/rejuvenecimiento-facial\/#primaryimage"},"thumbnailUrl":"https:\/\/carmenjguerra.com\/wp-content\/uploads\/2023\/05\/rejuvenecimiento-facial-barranquilla.jpg","datePublished":"2023-05-04T14:48:56+00:00","dateModified":"2024-04-13T12:05:16+00:00","description":"Rejuvenecimiento facial en Barranquilla. Bioestimuladores, rellenos, hidrataci\u00f3n, microdermoabrasi\u00f3n 100% profesional.Haz clic y conoce m\u00e1s.","breadcrumb":{"@id":"https:\/\/carmenjguerra.com\/rejuvenecimiento-facial\/#breadcrumb"},"inLanguage":"es-CO","potentialAction":[{"@type":"ReadAction","target":["https:\/\/carmenjguerra.com\/rejuvenecimiento-facial\/"]}]},{"@type":"ImageObject","inLanguage":"es-CO","@id":"https:\/\/carmenjguerra.com\/rejuvenecimiento-facial\/#primaryimage","url":"https:\/\/carmenjguerra.com\/wp-content\/uploads\/2023\/05\/rejuvenecimiento-facial-barranquilla.jpg","contentUrl":"https:\/\/carmenjguerra.com\/wp-content\/uploads\/2023\/05\/rejuvenecimiento-facial-barranquilla.jpg","width":1024,"height":768,"caption":"Imagen de tratamiento de rejuvenecimiento facial en mujer"},{"@type":"BreadcrumbList","@id":"https:\/\/carmenjguerra.com\/rejuvenecimiento-facial\/#breadcrumb","itemListElement":[{"@type":"ListItem","position":1,"name":"Inicio","item":"https:\/\/carmenjguerra.com\/es_co\/"},{"@type":"ListItem","position":2,"name":"Rejuvenecimiento Facial"}]},{"@type":"WebSite","@id":"https:\/\/carmenjguerra.com\/#website","url":"https:\/\/carmenjguerra.com\/","name":"Carmen J. Guerra","description":"Centro M\u00e9dico Est\u00e9tico","potentialAction":[{"@type":"SearchAction","target":{"@type":"EntryPoint","urlTemplate":"https:\/\/carmenjguerra.com\/?s={search_term_string}"},"query-input":{"@type":"PropertyValueSpecification","valueRequired":true,"valueName":"search_term_string"}}],"inLanguage":"es-CO"}]}},"_links":{"self":[{"href":"https:\/\/carmenjguerra.com\/es_co\/wp-json\/wp\/v2\/pages\/5430","targetHints":{"allow":["GET"]}}],"collection":[{"href":"https:\/\/carmenjguerra.com\/es_co\/wp-json\/wp\/v2\/pages"}],"about":[{"href":"https:\/\/carmenjguerra.com\/es_co\/wp-json\/wp\/v2\/types\/page"}],"author":[{"embeddable":true,"href":"https:\/\/carmenjguerra.com\/es_co\/wp-json\/wp\/v2\/users\/3"}],"replies":[{"embeddable":true,"href":"https:\/\/carmenjguerra.com\/es_co\/wp-json\/wp\/v2\/comments?post=5430"}],"version-history":[{"count":143,"href":"https:\/\/carmenjguerra.com\/es_co\/wp-json\/wp\/v2\/pages\/5430\/revisions"}],"predecessor-version":[{"id":9190,"href":"https:\/\/carmenjguerra.com\/es_co\/wp-json\/wp\/v2\/pages\/5430\/revisions\/9190"}],"wp:featuredmedia":[{"embeddable":true,"href":"https:\/\/carmenjguerra.com\/es_co\/wp-json\/wp\/v2\/media\/5432"}],"wp:attachment":[{"href":"https:\/\/carmenjguerra.com\/es_co\/wp-json\/wp\/v2\/media?parent=5430"}],"curies":[{"name":"wp","href":"https:\/\/api.w.org\/{rel}","templated":true}]}}