{"id":5217,"date":"2023-03-31T08:48:23","date_gmt":"2023-03-31T13:48:23","guid":{"rendered":"https:\/\/carmenjguerra.com\/?post_type=product&#038;p=5217"},"modified":"2024-10-15T07:06:31","modified_gmt":"2024-10-15T12:06:31","slug":"harmonyca","status":"publish","type":"product","link":"https:\/\/carmenjguerra.com\/en\/treatments\/harmonyca\/","title":{"rendered":"HArmonyCA"},"content":{"rendered":"<p><span style=\"font-weight: 400;\">HArmonyCA is a next-generation biostimulator that has become one of the most popular options today. This product is composed of <a href=\"https:\/\/www.hedonai.com\/consejos-belleza\/acido-hialuronico-reticulado-que-es\/\">cross-linked hyaluronic acid<\/a> and a blend of essential amino acids, which stimulate the production of collagen and elastin in the skin. The result is firmer, more elastic, and fuller skin, helping to reduce the appearance of wrinkles and fine lines.<\/span><\/p>\n<p>&nbsp;<\/p>\n<h2>Advantages of this treatment<\/h2>\n<p><span style=\"font-weight: 400;\">One of the advantages of HArmonyCA is that its results are long-lasting, as it naturally stimulates the body&#039;s production of collagen and elastin. Furthermore, it is a safe and non-invasive product, meaning it requires no surgery or recovery time. Results are visible from the first session, and multiple sessions are recommended for optimal results.<\/span><\/p>\n<p>&nbsp;<\/p>\n<h2><strong>HArmonyCA <\/strong>Vs Radiesse and Juvederm<\/h2>\n<p>Both HArmonyCA and Radiesse are popular options for facial rejuvenation. HArmonyCA is a hyaluronic acid-based dermal filler, which offers natural and subtle results by hydrating and revitalizing the skin. Radiesse, on the other hand, uses calcium hydroxyapatite as its main component, providing a volumizing effect and stimulating collagen production. Both treatments have a similar duration in terms of results, although Radiesse tends to last slightly longer due to its ability to stimulate collagen production. Both products are safe and should be administered by trained professionals. The choice between them will depend on the patient&#039;s specific needs and the doctor&#039;s recommendations.<\/p>\n<p>&nbsp;<\/p>\n<p><span style=\"font-weight: 400;\">On the other hand, Juvederm is a product composed of hyaluronic acid, which is primarily used to fill wrinkles and expression lines. Unlike HArmonyCA, Juvederm does not stimulate collagen production in the skin, so its results are temporary and require several sessions to maintain.<\/span><\/p>\n<p>&nbsp;<\/p>\n<p><span style=\"font-weight: 400;\">In conclusion, HArmonyCA is a cutting-edge biostimulator that offers long-lasting and safe results to improve the appearance of your skin. If you&#039;re looking for a treatment to reduce the appearance of wrinkles and fine lines, HArmonyCA is an excellent option to consider. However, it&#039;s important to consult with one of our medical professionals to determine if this treatment is right for you and how many sessions you&#039;ll need to achieve the desired results.<\/span><\/p>\n<p>In Carmen J Guerra Medical Aesthetic Center we are experts in <strong>facial rejuvenation,<\/strong>\u00a0<a href=\"https:\/\/carmenjguerra.com\/en\/contact\/\">Click and schedule your appointment for HArmonyCA<\/a><\/p>\n<p>&nbsp;<\/p>","protected":false},"excerpt":{"rendered":"<p><span style=\"font-weight: 400;\"> Harmonyca in Barranquilla. The best next-generation biostimulator that offers long-lasting and safe results to improve the appearance of the skin.<\/span><\/p>","protected":false},"featured_media":5218,"template":"","meta":{"_acf_changed":false,"_joinchat":[]},"product_brand":[],"product_cat":[31],"product_tag":[],"class_list":{"0":"post-5217","1":"product","2":"type-product","3":"status-publish","4":"has-post-thumbnail","6":"product_cat-medicina-estetica","8":"first","9":"onbackorder","10":"virtual","11":"product-type-simple"},"acf":[],"yoast_head":"<!-- This site is optimized with the Yoast SEO plugin v26.9 - https:\/\/yoast.com\/product\/yoast-seo-wordpress\/ -->\n<title>HArmonyCA En Barranquilla | Carmen J. Guerra<\/title>\n<meta name=\"description\" content=\"Harmonyca es un bioestimulador de \u00faltima generaci\u00f3n para resultados duraderos y seguros en la reducci\u00f3n de arrugas y flacidez. Haz clic y con\u00f3celo.\" \/>\n<meta name=\"robots\" content=\"index, follow, max-snippet:-1, max-image-preview:large, max-video-preview:-1\" \/>\n<link rel=\"canonical\" href=\"https:\/\/carmenjguerra.com\/en\/treatments\/harmonyca\/\" \/>\n<meta property=\"og:locale\" content=\"en_US\" \/>\n<meta property=\"og:type\" content=\"article\" \/>\n<meta property=\"og:title\" content=\"HArmonyCA En Barranquilla | Carmen J. Guerra\" \/>\n<meta property=\"og:description\" content=\"Harmonyca es un bioestimulador de \u00faltima generaci\u00f3n para resultados duraderos y seguros en la reducci\u00f3n de arrugas y flacidez. Haz clic y con\u00f3celo.\" \/>\n<meta property=\"og:url\" content=\"https:\/\/carmenjguerra.com\/en\/treatments\/harmonyca\/\" \/>\n<meta property=\"og:site_name\" content=\"Carmen J. Guerra\" \/>\n<meta property=\"article:modified_time\" content=\"2024-10-15T12:06:31+00:00\" \/>\n<meta property=\"og:image\" content=\"https:\/\/carmenjguerra.com\/wp-content\/uploads\/2023\/03\/harmonyca-1.jpg\" \/>\n\t<meta property=\"og:image:width\" content=\"1282\" \/>\n\t<meta property=\"og:image:height\" content=\"1920\" \/>\n\t<meta property=\"og:image:type\" content=\"image\/jpeg\" \/>\n<meta name=\"twitter:card\" content=\"summary_large_image\" \/>\n<meta name=\"twitter:label1\" content=\"Est. reading time\" \/>\n\t<meta name=\"twitter:data1\" content=\"3 minutes\" \/>\n<!-- \/ Yoast SEO plugin. -->","yoast_head_json":{"title":"HArmonyCA En Barranquilla | Carmen J. Guerra","description":"Harmonyca es un bioestimulador de \u00faltima generaci\u00f3n para resultados duraderos y seguros en la reducci\u00f3n de arrugas y flacidez. Haz clic y con\u00f3celo.","robots":{"index":"index","follow":"follow","max-snippet":"max-snippet:-1","max-image-preview":"max-image-preview:large","max-video-preview":"max-video-preview:-1"},"canonical":"https:\/\/carmenjguerra.com\/en\/treatments\/harmonyca\/","og_locale":"en_US","og_type":"article","og_title":"HArmonyCA En Barranquilla | Carmen J. Guerra","og_description":"Harmonyca es un bioestimulador de \u00faltima generaci\u00f3n para resultados duraderos y seguros en la reducci\u00f3n de arrugas y flacidez. Haz clic y con\u00f3celo.","og_url":"https:\/\/carmenjguerra.com\/en\/treatments\/harmonyca\/","og_site_name":"Carmen J. Guerra","article_modified_time":"2024-10-15T12:06:31+00:00","og_image":[{"width":1282,"height":1920,"url":"https:\/\/carmenjguerra.com\/wp-content\/uploads\/2023\/03\/harmonyca-1.jpg","type":"image\/jpeg"}],"twitter_card":"summary_large_image","twitter_misc":{"Est. reading time":"3 minutes"},"schema":{"@context":"https:\/\/schema.org","@graph":[{"@type":"WebPage","@id":"https:\/\/carmenjguerra.com\/tratamientos\/harmonyca\/","url":"https:\/\/carmenjguerra.com\/tratamientos\/harmonyca\/","name":"HArmonyCA En Barranquilla | Carmen J. Guerra","isPartOf":{"@id":"https:\/\/carmenjguerra.com\/#website"},"primaryImageOfPage":{"@id":"https:\/\/carmenjguerra.com\/tratamientos\/harmonyca\/#primaryimage"},"image":{"@id":"https:\/\/carmenjguerra.com\/tratamientos\/harmonyca\/#primaryimage"},"thumbnailUrl":"https:\/\/carmenjguerra.com\/wp-content\/uploads\/2023\/03\/harmonyca-1.jpg","datePublished":"2023-03-31T13:48:23+00:00","dateModified":"2024-10-15T12:06:31+00:00","description":"Harmonyca es un bioestimulador de \u00faltima generaci\u00f3n para resultados duraderos y seguros en la reducci\u00f3n de arrugas y flacidez. Haz clic y con\u00f3celo.","breadcrumb":{"@id":"https:\/\/carmenjguerra.com\/tratamientos\/harmonyca\/#breadcrumb"},"inLanguage":"en-US","potentialAction":[{"@type":"ReadAction","target":["https:\/\/carmenjguerra.com\/tratamientos\/harmonyca\/"]}]},{"@type":"ImageObject","inLanguage":"en-US","@id":"https:\/\/carmenjguerra.com\/tratamientos\/harmonyca\/#primaryimage","url":"https:\/\/carmenjguerra.com\/wp-content\/uploads\/2023\/03\/harmonyca-1.jpg","contentUrl":"https:\/\/carmenjguerra.com\/wp-content\/uploads\/2023\/03\/harmonyca-1.jpg","width":1282,"height":1920,"caption":"imagen de mujer en tratamiento con Harmonyca"},{"@type":"BreadcrumbList","@id":"https:\/\/carmenjguerra.com\/tratamientos\/harmonyca\/#breadcrumb","itemListElement":[{"@type":"ListItem","position":1,"name":"Inicio","item":"https:\/\/carmenjguerra.com\/es_co\/"},{"@type":"ListItem","position":2,"name":"Productos","item":"https:\/\/carmenjguerra.com\/shop\/"},{"@type":"ListItem","position":3,"name":"HArmonyCA"}]},{"@type":"WebSite","@id":"https:\/\/carmenjguerra.com\/#website","url":"https:\/\/carmenjguerra.com\/","name":"Carmen J. Guerra","description":"Centro M\u00e9dico Est\u00e9tico","potentialAction":[{"@type":"SearchAction","target":{"@type":"EntryPoint","urlTemplate":"https:\/\/carmenjguerra.com\/?s={search_term_string}"},"query-input":{"@type":"PropertyValueSpecification","valueRequired":true,"valueName":"search_term_string"}}],"inLanguage":"en-US"}]}},"_links":{"self":[{"href":"https:\/\/carmenjguerra.com\/en\/wp-json\/wp\/v2\/product\/5217","targetHints":{"allow":["GET"]}}],"collection":[{"href":"https:\/\/carmenjguerra.com\/en\/wp-json\/wp\/v2\/product"}],"about":[{"href":"https:\/\/carmenjguerra.com\/en\/wp-json\/wp\/v2\/types\/product"}],"wp:featuredmedia":[{"embeddable":true,"href":"https:\/\/carmenjguerra.com\/en\/wp-json\/wp\/v2\/media\/5218"}],"wp:attachment":[{"href":"https:\/\/carmenjguerra.com\/en\/wp-json\/wp\/v2\/media?parent=5217"}],"wp:term":[{"taxonomy":"product_brand","embeddable":true,"href":"https:\/\/carmenjguerra.com\/en\/wp-json\/wp\/v2\/product_brand?post=5217"},{"taxonomy":"product_cat","embeddable":true,"href":"https:\/\/carmenjguerra.com\/en\/wp-json\/wp\/v2\/product_cat?post=5217"},{"taxonomy":"product_tag","embeddable":true,"href":"https:\/\/carmenjguerra.com\/en\/wp-json\/wp\/v2\/product_tag?post=5217"}],"curies":[{"name":"wp","href":"https:\/\/api.w.org\/{rel}","templated":true}]}}