{"id":3599,"date":"2022-02-28T19:26:08","date_gmt":"2022-03-01T00:26:08","guid":{"rendered":"https:\/\/carmenjguerra.com\/?post_type=product&#038;p=3599"},"modified":"2023-05-17T12:17:04","modified_gmt":"2023-05-17T17:17:04","slug":"ultratone-futura-pro","status":"publish","type":"product","link":"https:\/\/carmenjguerra.com\/en\/treatments\/ultratone-futura-pro\/","title":{"rendered":"Ultratone Futura Pro"},"content":{"rendered":"<p><strong>Ultratone Futura Pro<\/strong> It is a non-invasive, non-surgical method used to improve the appearance and condition of the skin and muscles of the body. It is based on the technology of <a href=\"https:\/\/www.sanitas.es\/sanitas\/seguros\/es\/particulares\/biblioteca-de-salud\/estetica\/tratamientos-y-aparatologia\/electroestimulacion.html\" target=\"_blank\" rel=\"noopener\">electrical muscle stimulation<\/a> (EMS), or<strong> electrostimulation<\/strong> which uses low-frequency electrical impulses to stimulate and tone muscles.<\/p>\n<p>During treatment, electrodes are placed on different areas of the body, connected to an Ultratone Futura Pro machine. The machine emits gentle electrical impulses through the electrodes, which target the specific muscles to be treated. These impulses mimic the natural electrical signals the body sends to the muscles during contraction, causing them to contract and relax.<\/p>\n<h2>Benefits of this treatment<\/h2>\n<div class=\"flex-1 overflow-hidden\">\n<div class=\"react-scroll-to-bottom--css-qgeco-79elbk h-full dark:bg-gray-800\">\n<div class=\"react-scroll-to-bottom--css-qgeco-1n7m0yu\">\n<div class=\"flex flex-col items-center text-sm dark:bg-gray-800\">\n<div class=\"group w-full text-gray-800 dark:text-gray-100 border-b border-black\/10 dark:border-gray-900\/50 bg-gray-50 dark:bg-[#444654]\">\n<div class=\"flex p-4 gap-4 text-base md:gap-6 md:max-w-2xl lg:max-w-xl xl:max-w-3xl md:py-6 lg:px-0 m-auto\">\n<div class=\"relative flex w-[calc(100%-50px)] flex-col gap-1 md:gap-3 lg:w-[calc(100%-115px)]\">\n<div class=\"flex flex-grow flex-col gap-3\">\n<div class=\"min-h-[20px] flex flex-col items-start gap-4 whitespace-pre-wrap break-words\">\n<div class=\"markdown prose w-full break-words dark:prose-invert light\">\n<ol>\n<li>Strengthens and tones the body&#039;s muscles. Electrical impulses mimic the body&#039;s natural signals that trigger muscle contraction, allowing muscles to work more effectively and achieving a firmer, more toned appearance.<\/li>\n<li>Improves the appearance of cellulite. By strengthening muscles and improving blood and lymphatic circulation, it can reduce fat accumulation and improve skin texture.<\/li>\n<li>Increased blood flow can provide additional nutrients and oxygen to the skin, contributing to healthier, more radiant skin.<\/li>\n<li>It increases metabolism in the specific areas of the body where the treatment is performed. This can help burn fat and improve the elimination of toxins.<\/li>\n<li>It&#039;s also used in rehabilitation treatments to help regain muscle strength and function after an injury. It can help speed up the rehabilitation process and improve the quality of life for people recovering from muscle injuries.<\/li>\n<\/ol>\n<\/div>\n<\/div>\n<\/div>\n<\/div>\n<\/div>\n<\/div>\n<\/div>\n<\/div>\n<\/div>\n<\/div>\n<p>&nbsp;<\/p>\n<p>Finally, it&#039;s important to note that results may vary from person to person. Before beginning treatment, an initial assessment is performed to determine the area to be treated and adjust the equipment parameters according to the patient&#039;s needs and goals.<\/p>\n<p>In Carmen J Guerra Medical Aesthetic Center we are experts in <strong>facial rejuvenation<\/strong>. Click and schedule your assessment appointment for <a href=\"https:\/\/carmenjguerra.com\/en\/contact\/\" target=\"_blank\" rel=\"noopener\">Ultratone Futura Pro<\/a><\/p>","protected":false},"excerpt":{"rendered":"<p>It helps with weight loss, body shaping, fat-to-muscle conversion, lymphatic drainage, toning, cellulite reduction, anti-aging, and regeneration. Click here to schedule your assessment appointment.<\/p>","protected":false},"featured_media":4623,"template":"","meta":{"_acf_changed":false,"_joinchat":[]},"product_brand":[],"product_cat":[23,24],"product_tag":[196,90,118,232,233,234],"class_list":{"0":"post-3599","1":"product","2":"type-product","3":"status-publish","4":"has-post-thumbnail","6":"product_cat-estetica-corporal","7":"product_cat-estetica-facial","8":"product_tag-antienvejecimiento","9":"product_tag-celulitis","10":"product_tag-flacidez","11":"product_tag-lipolisis","12":"product_tag-tonificacion","13":"product_tag-ultratone","15":"first","16":"instock","17":"shipping-taxable","18":"product-type-simple"},"acf":[],"yoast_head":"<!-- This site is optimized with the Yoast SEO plugin v26.9 - https:\/\/yoast.com\/product\/yoast-seo-wordpress\/ -->\n<title>Ultratone Futura Pro En Barranquilla | Carmen J. Guerra<\/title>\n<meta name=\"description\" content=\"Ultratone Futura Pro en Barranquilla, estimulaci\u00f3n el\u00e9ctrica muscular que te ayudar\u00e1 a tonificar los m\u00fasculos de tu cara y tu cuerpo. Haz clic y con\u00f3celo.\" \/>\n<meta name=\"robots\" content=\"index, follow, max-snippet:-1, max-image-preview:large, max-video-preview:-1\" \/>\n<link rel=\"canonical\" href=\"https:\/\/carmenjguerra.com\/en\/treatments\/ultratone-futura-pro\/\" \/>\n<meta property=\"og:locale\" content=\"en_US\" \/>\n<meta property=\"og:type\" content=\"article\" \/>\n<meta property=\"og:title\" content=\"Ultratone Futura Pro En Barranquilla | Carmen J. Guerra\" \/>\n<meta property=\"og:description\" content=\"Ultratone Futura Pro en Barranquilla, estimulaci\u00f3n el\u00e9ctrica muscular que te ayudar\u00e1 a tonificar los m\u00fasculos de tu cara y tu cuerpo. Haz clic y con\u00f3celo.\" \/>\n<meta property=\"og:url\" content=\"https:\/\/carmenjguerra.com\/en\/treatments\/ultratone-futura-pro\/\" \/>\n<meta property=\"og:site_name\" content=\"Carmen J. Guerra\" \/>\n<meta property=\"article:modified_time\" content=\"2023-05-17T17:17:04+00:00\" \/>\n<meta property=\"og:image\" content=\"https:\/\/carmenjguerra.com\/wp-content\/uploads\/2022\/02\/ultratone-facial.jpg\" \/>\n\t<meta property=\"og:image:width\" content=\"1024\" \/>\n\t<meta property=\"og:image:height\" content=\"768\" \/>\n\t<meta property=\"og:image:type\" content=\"image\/jpeg\" \/>\n<meta name=\"twitter:card\" content=\"summary_large_image\" \/>\n<meta name=\"twitter:label1\" content=\"Est. reading time\" \/>\n\t<meta name=\"twitter:data1\" content=\"2 minutes\" \/>\n<!-- \/ Yoast SEO plugin. -->","yoast_head_json":{"title":"Ultratone Futura Pro En Barranquilla | Carmen J. Guerra","description":"Ultratone Futura Pro en Barranquilla, estimulaci\u00f3n el\u00e9ctrica muscular que te ayudar\u00e1 a tonificar los m\u00fasculos de tu cara y tu cuerpo. Haz clic y con\u00f3celo.","robots":{"index":"index","follow":"follow","max-snippet":"max-snippet:-1","max-image-preview":"max-image-preview:large","max-video-preview":"max-video-preview:-1"},"canonical":"https:\/\/carmenjguerra.com\/en\/treatments\/ultratone-futura-pro\/","og_locale":"en_US","og_type":"article","og_title":"Ultratone Futura Pro En Barranquilla | Carmen J. Guerra","og_description":"Ultratone Futura Pro en Barranquilla, estimulaci\u00f3n el\u00e9ctrica muscular que te ayudar\u00e1 a tonificar los m\u00fasculos de tu cara y tu cuerpo. Haz clic y con\u00f3celo.","og_url":"https:\/\/carmenjguerra.com\/en\/treatments\/ultratone-futura-pro\/","og_site_name":"Carmen J. Guerra","article_modified_time":"2023-05-17T17:17:04+00:00","og_image":[{"width":1024,"height":768,"url":"https:\/\/carmenjguerra.com\/wp-content\/uploads\/2022\/02\/ultratone-facial.jpg","type":"image\/jpeg"}],"twitter_card":"summary_large_image","twitter_misc":{"Est. reading time":"2 minutes"},"schema":{"@context":"https:\/\/schema.org","@graph":[{"@type":"WebPage","@id":"https:\/\/carmenjguerra.com\/tratamientos\/ultratone-futura-pro\/","url":"https:\/\/carmenjguerra.com\/tratamientos\/ultratone-futura-pro\/","name":"Ultratone Futura Pro En Barranquilla | Carmen J. Guerra","isPartOf":{"@id":"https:\/\/carmenjguerra.com\/#website"},"primaryImageOfPage":{"@id":"https:\/\/carmenjguerra.com\/tratamientos\/ultratone-futura-pro\/#primaryimage"},"image":{"@id":"https:\/\/carmenjguerra.com\/tratamientos\/ultratone-futura-pro\/#primaryimage"},"thumbnailUrl":"https:\/\/carmenjguerra.com\/wp-content\/uploads\/2022\/02\/ultratone-facial.jpg","datePublished":"2022-03-01T00:26:08+00:00","dateModified":"2023-05-17T17:17:04+00:00","description":"Ultratone Futura Pro en Barranquilla, estimulaci\u00f3n el\u00e9ctrica muscular que te ayudar\u00e1 a tonificar los m\u00fasculos de tu cara y tu cuerpo. Haz clic y con\u00f3celo.","breadcrumb":{"@id":"https:\/\/carmenjguerra.com\/tratamientos\/ultratone-futura-pro\/#breadcrumb"},"inLanguage":"en-US","potentialAction":[{"@type":"ReadAction","target":["https:\/\/carmenjguerra.com\/tratamientos\/ultratone-futura-pro\/"]}]},{"@type":"ImageObject","inLanguage":"en-US","@id":"https:\/\/carmenjguerra.com\/tratamientos\/ultratone-futura-pro\/#primaryimage","url":"https:\/\/carmenjguerra.com\/wp-content\/uploads\/2022\/02\/ultratone-facial.jpg","contentUrl":"https:\/\/carmenjguerra.com\/wp-content\/uploads\/2022\/02\/ultratone-facial.jpg","width":1024,"height":768,"caption":"Imagen de tratamiento Ultratone Futura Pro facial"},{"@type":"BreadcrumbList","@id":"https:\/\/carmenjguerra.com\/tratamientos\/ultratone-futura-pro\/#breadcrumb","itemListElement":[{"@type":"ListItem","position":1,"name":"Inicio","item":"https:\/\/carmenjguerra.com\/es_co\/"},{"@type":"ListItem","position":2,"name":"Productos","item":"https:\/\/carmenjguerra.com\/shop\/"},{"@type":"ListItem","position":3,"name":"Ultratone Futura Pro"}]},{"@type":"WebSite","@id":"https:\/\/carmenjguerra.com\/#website","url":"https:\/\/carmenjguerra.com\/","name":"Carmen J. Guerra","description":"Centro M\u00e9dico Est\u00e9tico","potentialAction":[{"@type":"SearchAction","target":{"@type":"EntryPoint","urlTemplate":"https:\/\/carmenjguerra.com\/?s={search_term_string}"},"query-input":{"@type":"PropertyValueSpecification","valueRequired":true,"valueName":"search_term_string"}}],"inLanguage":"en-US"}]}},"_links":{"self":[{"href":"https:\/\/carmenjguerra.com\/en\/wp-json\/wp\/v2\/product\/3599","targetHints":{"allow":["GET"]}}],"collection":[{"href":"https:\/\/carmenjguerra.com\/en\/wp-json\/wp\/v2\/product"}],"about":[{"href":"https:\/\/carmenjguerra.com\/en\/wp-json\/wp\/v2\/types\/product"}],"wp:featuredmedia":[{"embeddable":true,"href":"https:\/\/carmenjguerra.com\/en\/wp-json\/wp\/v2\/media\/4623"}],"wp:attachment":[{"href":"https:\/\/carmenjguerra.com\/en\/wp-json\/wp\/v2\/media?parent=3599"}],"wp:term":[{"taxonomy":"product_brand","embeddable":true,"href":"https:\/\/carmenjguerra.com\/en\/wp-json\/wp\/v2\/product_brand?post=3599"},{"taxonomy":"product_cat","embeddable":true,"href":"https:\/\/carmenjguerra.com\/en\/wp-json\/wp\/v2\/product_cat?post=3599"},{"taxonomy":"product_tag","embeddable":true,"href":"https:\/\/carmenjguerra.com\/en\/wp-json\/wp\/v2\/product_tag?post=3599"}],"curies":[{"name":"wp","href":"https:\/\/api.w.org\/{rel}","templated":true}]}}