{"id":10092,"date":"2024-10-31T08:00:52","date_gmt":"2024-10-31T13:00:52","guid":{"rendered":"https:\/\/carmenjguerra.com\/?post_type=product&#038;p=10092"},"modified":"2024-11-26T08:14:57","modified_gmt":"2024-11-26T13:14:57","slug":"depilacion-laser-barranquilla","status":"publish","type":"product","link":"https:\/\/carmenjguerra.com\/en\/treatments\/laser-hair-removal-in-barranquilla\/","title":{"rendered":"Laser Hair Removal"},"content":{"rendered":"<p>If you are looking for the best way to remove that unwanted hair, at Carmen J Guerra Medical Aesthetic Center we present our service of <strong>laser hair removal in Barranquilla<\/strong>, with triple wavelength diode laser technology that makes it easier and 100% safer.<\/p>\n<h2>Why Choose Us for Laser Hair Removal?<\/h2>\n<ol>\n<li><strong>State-of-the-art technology<\/strong><br \/>\nWe use safe and precise laser hair removal equipment tailored to your needs to ensure irritation-free results.<\/li>\n<li><strong>Long-lasting results in every session<\/strong><br \/>\nLaser hair removal offers significant hair reduction from the first sessions, allowing you to forget about traditional methods like shaving and waxing.<\/li>\n<li><strong>We are leaders in aesthetic treatments in Barranquilla<\/strong><br \/>\nOur team of professionals in Barranquilla is highly trained in aesthetic and laser treatments, ensuring that each session is safe and comfortable for you.<\/li>\n<li><strong>Soft and Irritation-Free Skin<\/strong><br \/>\nThis method minimizes the risk of ingrown hairs and rashes, leaving you with smooth, flawless skin, ideal for Barranquilla&#039;s tropical climate.<\/li>\n<\/ol>\n<h2>How Does Laser Hair Removal Work?<\/h2>\n<p>The laser hair removal procedure is quick and easy. During each session, laser pulses act directly on the hair follicle, effectively removing hair and minimizing future growth. For best results, we recommend 6 to 8 sessions, depending on the area and skin type.<\/p>\n<h3>Common Areas for Laser Hair Removal<\/h3>\n<p>We offer laser hair removal in areas such as:<\/p>\n<ul>\n<li>Legs<\/li>\n<li>Armpits<\/li>\n<li>Bikini line<\/li>\n<li>Face<\/li>\n<li>Arms and back<\/li>\n<\/ul>\n<h2>Schedule Your Appointment and Remove That Unwanted Hair<\/h2>\n<p>If you are looking for a professional service of <strong>laser hair removal in Barranquilla<\/strong>, in <strong>Carmen J Guerra Cosmetic Medical Center<\/strong> We are ready to help you. Contact us and <a href=\"https:\/\/carmenjguerra.com\/en\/contact\/\">Schedule your appointment for laser hair removal<\/a> Discover the benefits of long-lasting, smooth, hair-free skin. Your beauty and comfort are our priority!<\/p>","protected":false},"excerpt":{"rendered":"<p>Say goodbye to unwanted hair. Our laser hair removal in Barranquilla uses tridiode laser technology for amazing, long-lasting results.<\/p>","protected":false},"featured_media":6960,"template":"","meta":{"_acf_changed":false,"_joinchat":[]},"product_brand":[],"product_cat":[23],"product_tag":[],"class_list":{"0":"post-10092","1":"product","2":"type-product","3":"status-publish","4":"has-post-thumbnail","6":"product_cat-estetica-corporal","8":"first","9":"instock","10":"shipping-taxable","11":"product-type-simple"},"acf":[],"yoast_head":"<!-- This site is optimized with the Yoast SEO plugin v26.9 - https:\/\/yoast.com\/product\/yoast-seo-wordpress\/ -->\n<title>Depilaci\u00f3n L\u00e1ser En Barranquilla | Carmen J. Guerra<\/title>\n<meta name=\"description\" content=\"Depilaci\u00f3n l\u00e1ser en Barranquilla. Tu piel suave y libre de vello con nuestra tecnolog\u00eda l\u00e1ser tridiodo. Resultados duraderos. \u00a1Agenda tu cita hoy!\" \/>\n<meta name=\"robots\" content=\"index, follow, max-snippet:-1, max-image-preview:large, max-video-preview:-1\" \/>\n<link rel=\"canonical\" href=\"https:\/\/carmenjguerra.com\/en\/treatments\/laser-hair-removal-in-barranquilla\/\" \/>\n<meta property=\"og:locale\" content=\"en_US\" \/>\n<meta property=\"og:type\" content=\"article\" \/>\n<meta property=\"og:title\" content=\"Depilaci\u00f3n L\u00e1ser En Barranquilla | Carmen J. Guerra\" \/>\n<meta property=\"og:description\" content=\"Depilaci\u00f3n l\u00e1ser en Barranquilla. Tu piel suave y libre de vello con nuestra tecnolog\u00eda l\u00e1ser tridiodo. Resultados duraderos. \u00a1Agenda tu cita hoy!\" \/>\n<meta property=\"og:url\" content=\"https:\/\/carmenjguerra.com\/en\/treatments\/laser-hair-removal-in-barranquilla\/\" \/>\n<meta property=\"og:site_name\" content=\"Carmen J. Guerra\" \/>\n<meta property=\"article:modified_time\" content=\"2024-11-26T13:14:57+00:00\" \/>\n<meta property=\"og:image\" content=\"https:\/\/carmenjguerra.com\/wp-content\/uploads\/2023\/08\/depilacion-laser.jpg\" \/>\n\t<meta property=\"og:image:width\" content=\"1024\" \/>\n\t<meta property=\"og:image:height\" content=\"768\" \/>\n\t<meta property=\"og:image:type\" content=\"image\/jpeg\" \/>\n<meta name=\"twitter:card\" content=\"summary_large_image\" \/>\n<meta name=\"twitter:label1\" content=\"Est. reading time\" \/>\n\t<meta name=\"twitter:data1\" content=\"2 minutes\" \/>\n<!-- \/ Yoast SEO plugin. -->","yoast_head_json":{"title":"Depilaci\u00f3n L\u00e1ser En Barranquilla | Carmen J. Guerra","description":"Depilaci\u00f3n l\u00e1ser en Barranquilla. Tu piel suave y libre de vello con nuestra tecnolog\u00eda l\u00e1ser tridiodo. Resultados duraderos. \u00a1Agenda tu cita hoy!","robots":{"index":"index","follow":"follow","max-snippet":"max-snippet:-1","max-image-preview":"max-image-preview:large","max-video-preview":"max-video-preview:-1"},"canonical":"https:\/\/carmenjguerra.com\/en\/treatments\/laser-hair-removal-in-barranquilla\/","og_locale":"en_US","og_type":"article","og_title":"Depilaci\u00f3n L\u00e1ser En Barranquilla | Carmen J. Guerra","og_description":"Depilaci\u00f3n l\u00e1ser en Barranquilla. Tu piel suave y libre de vello con nuestra tecnolog\u00eda l\u00e1ser tridiodo. Resultados duraderos. \u00a1Agenda tu cita hoy!","og_url":"https:\/\/carmenjguerra.com\/en\/treatments\/laser-hair-removal-in-barranquilla\/","og_site_name":"Carmen J. Guerra","article_modified_time":"2024-11-26T13:14:57+00:00","og_image":[{"width":1024,"height":768,"url":"https:\/\/carmenjguerra.com\/wp-content\/uploads\/2023\/08\/depilacion-laser.jpg","type":"image\/jpeg"}],"twitter_card":"summary_large_image","twitter_misc":{"Est. reading time":"2 minutes"},"schema":{"@context":"https:\/\/schema.org","@graph":[{"@type":"WebPage","@id":"https:\/\/carmenjguerra.com\/tratamientos\/depilacion-laser-barranquilla\/","url":"https:\/\/carmenjguerra.com\/tratamientos\/depilacion-laser-barranquilla\/","name":"Depilaci\u00f3n L\u00e1ser En Barranquilla | Carmen J. Guerra","isPartOf":{"@id":"https:\/\/carmenjguerra.com\/#website"},"primaryImageOfPage":{"@id":"https:\/\/carmenjguerra.com\/tratamientos\/depilacion-laser-barranquilla\/#primaryimage"},"image":{"@id":"https:\/\/carmenjguerra.com\/tratamientos\/depilacion-laser-barranquilla\/#primaryimage"},"thumbnailUrl":"https:\/\/carmenjguerra.com\/wp-content\/uploads\/2023\/08\/depilacion-laser.jpg","datePublished":"2024-10-31T13:00:52+00:00","dateModified":"2024-11-26T13:14:57+00:00","description":"Depilaci\u00f3n l\u00e1ser en Barranquilla. Tu piel suave y libre de vello con nuestra tecnolog\u00eda l\u00e1ser tridiodo. Resultados duraderos. \u00a1Agenda tu cita hoy!","breadcrumb":{"@id":"https:\/\/carmenjguerra.com\/tratamientos\/depilacion-laser-barranquilla\/#breadcrumb"},"inLanguage":"en-US","potentialAction":[{"@type":"ReadAction","target":["https:\/\/carmenjguerra.com\/tratamientos\/depilacion-laser-barranquilla\/"]}]},{"@type":"ImageObject","inLanguage":"en-US","@id":"https:\/\/carmenjguerra.com\/tratamientos\/depilacion-laser-barranquilla\/#primaryimage","url":"https:\/\/carmenjguerra.com\/wp-content\/uploads\/2023\/08\/depilacion-laser.jpg","contentUrl":"https:\/\/carmenjguerra.com\/wp-content\/uploads\/2023\/08\/depilacion-laser.jpg","width":1024,"height":768,"caption":"Imagen de tratamiento de depilaci\u00f3n l\u00e1ser en axilas."},{"@type":"BreadcrumbList","@id":"https:\/\/carmenjguerra.com\/tratamientos\/depilacion-laser-barranquilla\/#breadcrumb","itemListElement":[{"@type":"ListItem","position":1,"name":"Inicio","item":"https:\/\/carmenjguerra.com\/es_co\/"},{"@type":"ListItem","position":2,"name":"Productos","item":"https:\/\/carmenjguerra.com\/shop\/"},{"@type":"ListItem","position":3,"name":"Depilaci\u00f3n L\u00e1ser"}]},{"@type":"WebSite","@id":"https:\/\/carmenjguerra.com\/#website","url":"https:\/\/carmenjguerra.com\/","name":"Carmen J. Guerra","description":"Centro M\u00e9dico Est\u00e9tico","potentialAction":[{"@type":"SearchAction","target":{"@type":"EntryPoint","urlTemplate":"https:\/\/carmenjguerra.com\/?s={search_term_string}"},"query-input":{"@type":"PropertyValueSpecification","valueRequired":true,"valueName":"search_term_string"}}],"inLanguage":"en-US"}]}},"_links":{"self":[{"href":"https:\/\/carmenjguerra.com\/en\/wp-json\/wp\/v2\/product\/10092","targetHints":{"allow":["GET"]}}],"collection":[{"href":"https:\/\/carmenjguerra.com\/en\/wp-json\/wp\/v2\/product"}],"about":[{"href":"https:\/\/carmenjguerra.com\/en\/wp-json\/wp\/v2\/types\/product"}],"wp:featuredmedia":[{"embeddable":true,"href":"https:\/\/carmenjguerra.com\/en\/wp-json\/wp\/v2\/media\/6960"}],"wp:attachment":[{"href":"https:\/\/carmenjguerra.com\/en\/wp-json\/wp\/v2\/media?parent=10092"}],"wp:term":[{"taxonomy":"product_brand","embeddable":true,"href":"https:\/\/carmenjguerra.com\/en\/wp-json\/wp\/v2\/product_brand?post=10092"},{"taxonomy":"product_cat","embeddable":true,"href":"https:\/\/carmenjguerra.com\/en\/wp-json\/wp\/v2\/product_cat?post=10092"},{"taxonomy":"product_tag","embeddable":true,"href":"https:\/\/carmenjguerra.com\/en\/wp-json\/wp\/v2\/product_tag?post=10092"}],"curies":[{"name":"wp","href":"https:\/\/api.w.org\/{rel}","templated":true}]}}