{"id":6952,"date":"2023-08-19T07:05:52","date_gmt":"2023-08-19T12:05:52","guid":{"rendered":"https:\/\/carmenjguerra.com\/?page_id=6952"},"modified":"2024-11-26T08:16:00","modified_gmt":"2024-11-26T13:16:00","slug":"depilacion-laser","status":"publish","type":"page","link":"https:\/\/carmenjguerra.com\/en\/laser-hair-removal\/","title":{"rendered":"Laser Hair Removal"},"content":{"rendered":"<div data-elementor-type=\"wp-page\" data-elementor-id=\"6952\" class=\"elementor elementor-6952\" data-elementor-post-type=\"page\">\n\t\t\t\t\t\t<section class=\"elementor-section elementor-top-section elementor-element elementor-element-efe7de4 elementor-section-full_width elementor-section-height-min-height elementor-section-height-default elementor-section-items-middle\" data-id=\"efe7de4\" data-element_type=\"section\" data-e-type=\"section\" data-settings=\"{&quot;background_background&quot;:&quot;classic&quot;}\">\n\t\t\t\t\t\t\t<div class=\"elementor-background-overlay\"><\/div>\n\t\t\t\t\t\t\t<div class=\"elementor-container elementor-column-gap-default\">\n\t\t\t\t\t<div class=\"elementor-column elementor-col-100 elementor-top-column elementor-element elementor-element-a55b366\" data-id=\"a55b366\" data-element_type=\"column\" data-e-type=\"column\">\n\t\t\t<div class=\"elementor-widget-wrap elementor-element-populated\">\n\t\t\t\t\t\t<div class=\"elementor-element elementor-element-5c1b74b elementor-widget__width-initial elementor-widget elementor-widget-heading\" data-id=\"5c1b74b\" data-element_type=\"widget\" data-e-type=\"widget\" data-widget_type=\"heading.default\">\n\t\t\t\t<div class=\"elementor-widget-container\">\n\t\t\t\t\t<h1 class=\"elementor-heading-title elementor-size-default\">Laser Hair Removal in Barranquilla. Triple Wavelength Technology.<\/h1>\t\t\t\t<\/div>\n\t\t\t\t<\/div>\n\t\t\t\t<div class=\"elementor-element elementor-element-0ce262d elementor-widget__width-initial elementor-widget elementor-widget-text-editor\" data-id=\"0ce262d\" data-element_type=\"widget\" data-e-type=\"widget\" data-widget_type=\"text-editor.default\">\n\t\t\t\t<div class=\"elementor-widget-container\">\n\t\t\t\t\t\t\t\t\t<p>If you are looking for the best way to remove that unwanted hair, we present our service of <strong>laser hair removal in Barranquilla<\/strong>, with triple wavelength diode laser technology that makes it easier and 100% safer.<\/p>\t\t\t\t\t\t\t\t<\/div>\n\t\t\t\t<\/div>\n\t\t\t\t<div class=\"elementor-element elementor-element-a20e603 elementor-align-left elementor-tablet-align-center elementor-widget elementor-widget-button\" data-id=\"a20e603\" data-element_type=\"widget\" data-e-type=\"widget\" data-widget_type=\"button.default\">\n\t\t\t\t<div class=\"elementor-widget-container\">\n\t\t\t\t\t\t\t\t\t<div class=\"elementor-button-wrapper\">\n\t\t\t\t\t<a class=\"elementor-button elementor-button-link elementor-size-sm\" href=\"https:\/\/carmenjguerra.com\/en\/contact\/\">\n\t\t\t\t\t\t<span class=\"elementor-button-content-wrapper\">\n\t\t\t\t\t\t\t\t\t<span class=\"elementor-button-text\">Get Rid Of That Hair Today<\/span>\n\t\t\t\t\t<\/span>\n\t\t\t\t\t<\/a>\n\t\t\t\t<\/div>\n\t\t\t\t\t\t\t\t<\/div>\n\t\t\t\t<\/div>\n\t\t\t\t\t<\/div>\n\t\t<\/div>\n\t\t\t\t\t<\/div>\n\t\t<\/section>\n\t\t\t\t<section class=\"elementor-section elementor-top-section elementor-element elementor-element-dd5e79d elementor-section-boxed elementor-section-height-default elementor-section-height-default\" data-id=\"dd5e79d\" data-element_type=\"section\" data-e-type=\"section\">\n\t\t\t\t\t\t<div class=\"elementor-container elementor-column-gap-default\">\n\t\t\t\t\t<div class=\"elementor-column elementor-col-50 elementor-top-column elementor-element elementor-element-bc376b5\" data-id=\"bc376b5\" data-element_type=\"column\" data-e-type=\"column\">\n\t\t\t<div class=\"elementor-widget-wrap elementor-element-populated\">\n\t\t\t\t\t\t<div class=\"elementor-element elementor-element-fc65836 elementor-widget elementor-widget-heading\" data-id=\"fc65836\" data-element_type=\"widget\" data-e-type=\"widget\" data-widget_type=\"heading.default\">\n\t\t\t\t<div class=\"elementor-widget-container\">\n\t\t\t\t\t<h2 class=\"elementor-heading-title elementor-size-default\">Laser Hair Removal: How Does It Work?<\/h2>\t\t\t\t<\/div>\n\t\t\t\t<\/div>\n\t\t\t\t<div class=\"elementor-element elementor-element-8618594 elementor-widget elementor-widget-text-editor\" data-id=\"8618594\" data-element_type=\"widget\" data-e-type=\"widget\" data-widget_type=\"text-editor.default\">\n\t\t\t\t<div class=\"elementor-widget-container\">\n\t\t\t\t\t\t\t\t\t<p>Laser hair removal uses a technology called &quot;selective photothermolysis.&quot; This means the laser emits intense light that is selectively absorbed by the dark pigment in hair, known as melanin. When the laser light is absorbed by the melanin in the hair, it is converted into heat.<\/p><p>This heat damages hair follicles, the structures that create hair. By damaging hair follicles, it becomes more difficult for them to produce new hair. The idea behind this is to affect the hair without significantly damaging surrounding tissues, such as the skin.<\/p>\t\t\t\t\t\t\t\t<\/div>\n\t\t\t\t<\/div>\n\t\t\t\t\t<\/div>\n\t\t<\/div>\n\t\t\t\t<div class=\"elementor-column elementor-col-50 elementor-top-column elementor-element elementor-element-c70c399\" data-id=\"c70c399\" data-element_type=\"column\" data-e-type=\"column\">\n\t\t\t<div class=\"elementor-widget-wrap elementor-element-populated\">\n\t\t\t\t\t\t<div class=\"elementor-element elementor-element-6a0e1af elementor-widget__width-initial elementor-widget-mobile__width-initial elementor-widget elementor-widget-image\" data-id=\"6a0e1af\" data-element_type=\"widget\" data-e-type=\"widget\" data-widget_type=\"image.default\">\n\t\t\t\t<div class=\"elementor-widget-container\">\n\t\t\t\t\t\t\t\t\t\t\t\t\t\t\t<img fetchpriority=\"high\" decoding=\"async\" width=\"800\" height=\"600\" src=\"https:\/\/carmenjguerra.com\/wp-content\/uploads\/2023\/08\/depilacion-laser-2.jpg\" class=\"attachment-large size-large wp-image-6988\" alt=\"Laser hair removal treatment image\" srcset=\"https:\/\/carmenjguerra.com\/wp-content\/uploads\/2023\/08\/depilacion-laser-2.jpg 1024w, https:\/\/carmenjguerra.com\/wp-content\/uploads\/2023\/08\/depilacion-laser-2-300x225.jpg 300w, https:\/\/carmenjguerra.com\/wp-content\/uploads\/2023\/08\/depilacion-laser-2-768x576.jpg 768w, https:\/\/carmenjguerra.com\/wp-content\/uploads\/2023\/08\/depilacion-laser-2-600x450.jpg 600w\" sizes=\"(max-width: 800px) 100vw, 800px\" \/>\t\t\t\t\t\t\t\t\t\t\t\t\t\t\t<\/div>\n\t\t\t\t<\/div>\n\t\t\t\t\t<\/div>\n\t\t<\/div>\n\t\t\t\t\t<\/div>\n\t\t<\/section>\n\t\t\t\t<section class=\"elementor-section elementor-top-section elementor-element elementor-element-0988430 elementor-section-boxed elementor-section-height-default elementor-section-height-default\" data-id=\"0988430\" data-element_type=\"section\" data-e-type=\"section\">\n\t\t\t\t\t\t<div class=\"elementor-container elementor-column-gap-default\">\n\t\t\t\t\t<div class=\"elementor-column elementor-col-50 elementor-top-column elementor-element elementor-element-d1d1a7c\" data-id=\"d1d1a7c\" data-element_type=\"column\" data-e-type=\"column\">\n\t\t\t<div class=\"elementor-widget-wrap elementor-element-populated\">\n\t\t\t\t\t\t<div class=\"elementor-element elementor-element-73df1bc elementor-widget__width-initial elementor-widget-mobile__width-initial elementor-widget elementor-widget-image\" data-id=\"73df1bc\" data-element_type=\"widget\" data-e-type=\"widget\" data-widget_type=\"image.default\">\n\t\t\t\t<div class=\"elementor-widget-container\">\n\t\t\t\t\t\t\t\t\t\t\t\t\t\t\t<img decoding=\"async\" width=\"800\" height=\"600\" src=\"https:\/\/carmenjguerra.com\/wp-content\/uploads\/2023\/08\/depilacion-laser-3.jpg\" class=\"attachment-large size-large wp-image-6987\" alt=\"Laser hair removal treatment image\" srcset=\"https:\/\/carmenjguerra.com\/wp-content\/uploads\/2023\/08\/depilacion-laser-3.jpg 1024w, https:\/\/carmenjguerra.com\/wp-content\/uploads\/2023\/08\/depilacion-laser-3-300x225.jpg 300w, https:\/\/carmenjguerra.com\/wp-content\/uploads\/2023\/08\/depilacion-laser-3-768x576.jpg 768w, https:\/\/carmenjguerra.com\/wp-content\/uploads\/2023\/08\/depilacion-laser-3-600x450.jpg 600w\" sizes=\"(max-width: 800px) 100vw, 800px\" \/>\t\t\t\t\t\t\t\t\t\t\t\t\t\t\t<\/div>\n\t\t\t\t<\/div>\n\t\t\t\t\t<\/div>\n\t\t<\/div>\n\t\t\t\t<div class=\"elementor-column elementor-col-50 elementor-top-column elementor-element elementor-element-a69c851\" data-id=\"a69c851\" data-element_type=\"column\" data-e-type=\"column\">\n\t\t\t<div class=\"elementor-widget-wrap elementor-element-populated\">\n\t\t\t\t\t\t<div class=\"elementor-element elementor-element-75c2ebb elementor-widget elementor-widget-heading\" data-id=\"75c2ebb\" data-element_type=\"widget\" data-e-type=\"widget\" data-widget_type=\"heading.default\">\n\t\t\t\t<div class=\"elementor-widget-container\">\n\t\t\t\t\t<h2 class=\"elementor-heading-title elementor-size-default\">5 Benefits of Laser Hair Removal<\/h2>\t\t\t\t<\/div>\n\t\t\t\t<\/div>\n\t\t\t\t<div class=\"elementor-element elementor-element-4320b92 elementor-widget elementor-widget-text-editor\" data-id=\"4320b92\" data-element_type=\"widget\" data-e-type=\"widget\" data-widget_type=\"text-editor.default\">\n\t\t\t\t<div class=\"elementor-widget-container\">\n\t\t\t\t\t\t\t\t\t<ol><li><p><strong>Long-lasting hair reduction:<\/strong> After completing a series of sessions, hair may grow back thinner and less, resulting in smoother skin and less unwanted hair.<\/p><\/li><li><strong>Precision:<\/strong> Laser technology is precise and can specifically target areas where you want to reduce hair growth without significantly damaging the surrounding skin.<\/li><li><p><strong>Speed:<\/strong> Sessions can be faster compared to other methods, especially if you&#039;re treating larger areas of the body. For example, a session for underarm or bikini waxing can take just a few minutes.<\/p><\/li><li><p><strong>Less skin irritation:<\/strong> Unlike waxing or shaving, this treatment is less likely to cause skin irritation and redness.<\/p><\/li><li><p><strong>Greater long-term comfort:<\/strong> As you progress through your laser hair removal sessions, you&#039;ll experience a decrease in hair growth, which can lead to more body comfort and save time by not having to deal with daily or weekly hair removal methods.<\/p><\/li><\/ol>\t\t\t\t\t\t\t\t<\/div>\n\t\t\t\t<\/div>\n\t\t\t\t<div class=\"elementor-element elementor-element-abee619 elementor-widget__width-initial elementor-widget-mobile__width-initial elementor-widget elementor-widget-image\" data-id=\"abee619\" data-element_type=\"widget\" data-e-type=\"widget\" data-widget_type=\"image.default\">\n\t\t\t\t<div class=\"elementor-widget-container\">\n\t\t\t\t\t\t\t\t\t\t\t\t\t\t\t<img decoding=\"async\" width=\"800\" height=\"600\" src=\"https:\/\/carmenjguerra.com\/wp-content\/uploads\/2023\/08\/depilacion-laser-5.jpg\" class=\"attachment-large size-large wp-image-6985\" alt=\"Image of laser hair removal treatment in Barranquilla\" srcset=\"https:\/\/carmenjguerra.com\/wp-content\/uploads\/2023\/08\/depilacion-laser-5.jpg 1024w, https:\/\/carmenjguerra.com\/wp-content\/uploads\/2023\/08\/depilacion-laser-5-300x225.jpg 300w, https:\/\/carmenjguerra.com\/wp-content\/uploads\/2023\/08\/depilacion-laser-5-768x576.jpg 768w, https:\/\/carmenjguerra.com\/wp-content\/uploads\/2023\/08\/depilacion-laser-5-600x450.jpg 600w\" sizes=\"(max-width: 800px) 100vw, 800px\" \/>\t\t\t\t\t\t\t\t\t\t\t\t\t\t\t<\/div>\n\t\t\t\t<\/div>\n\t\t\t\t\t<\/div>\n\t\t<\/div>\n\t\t\t\t\t<\/div>\n\t\t<\/section>\n\t\t\t\t<section class=\"elementor-section elementor-top-section elementor-element elementor-element-053aa8e elementor-section-boxed elementor-section-height-default elementor-section-height-default\" data-id=\"053aa8e\" data-element_type=\"section\" data-e-type=\"section\">\n\t\t\t\t\t\t<div class=\"elementor-container elementor-column-gap-default\">\n\t\t\t\t\t<div class=\"elementor-column elementor-col-50 elementor-top-column elementor-element elementor-element-cce8430\" data-id=\"cce8430\" data-element_type=\"column\" data-e-type=\"column\">\n\t\t\t<div class=\"elementor-widget-wrap elementor-element-populated\">\n\t\t\t\t\t\t<div class=\"elementor-element elementor-element-5281963 elementor-widget elementor-widget-heading\" data-id=\"5281963\" data-element_type=\"widget\" data-e-type=\"widget\" data-widget_type=\"heading.default\">\n\t\t\t\t<div class=\"elementor-widget-container\">\n\t\t\t\t\t<h2 class=\"elementor-heading-title elementor-size-default\">Frequently Asked Questions<\/h2>\t\t\t\t<\/div>\n\t\t\t\t<\/div>\n\t\t\t\t<div class=\"elementor-element elementor-element-13c921d elementor-widget elementor-widget-heading\" data-id=\"13c921d\" data-element_type=\"widget\" data-e-type=\"widget\" data-widget_type=\"heading.default\">\n\t\t\t\t<div class=\"elementor-widget-container\">\n\t\t\t\t\t<h3 class=\"elementor-heading-title elementor-size-default\">Is this procedure safe?<\/h3>\t\t\t\t<\/div>\n\t\t\t\t<\/div>\n\t\t\t\t<div class=\"elementor-element elementor-element-d1e1e61 elementor-widget elementor-widget-text-editor\" data-id=\"d1e1e61\" data-element_type=\"widget\" data-e-type=\"widget\" data-widget_type=\"text-editor.default\">\n\t\t\t\t<div class=\"elementor-widget-container\">\n\t\t\t\t\t\t\t\t\t<p>Laser hair removal is generally considered safe when performed by trained professionals in an appropriate medical or aesthetic setting using quality equipment.<\/p>\t\t\t\t\t\t\t\t<\/div>\n\t\t\t\t<\/div>\n\t\t\t\t<div class=\"elementor-element elementor-element-12ecea8 elementor-widget elementor-widget-heading\" data-id=\"12ecea8\" data-element_type=\"widget\" data-e-type=\"widget\" data-widget_type=\"heading.default\">\n\t\t\t\t<div class=\"elementor-widget-container\">\n\t\t\t\t\t<h3 class=\"elementor-heading-title elementor-size-default\">What skin types are most effective for laser hair removal?<\/h3>\t\t\t\t<\/div>\n\t\t\t\t<\/div>\n\t\t\t\t<div class=\"elementor-element elementor-element-f641c03 elementor-widget elementor-widget-text-editor\" data-id=\"f641c03\" data-element_type=\"widget\" data-e-type=\"widget\" data-widget_type=\"text-editor.default\">\n\t\t\t\t<div class=\"elementor-widget-container\">\n\t\t\t\t\t\t\t\t\tLaser hair removal may be more effective and safer for people with a higher color contrast between their skin and hair. However, our diode laser <strong>Trinity\u00a9<\/strong> with triple wavelength makes the treatment effective and safe on all skin types.\t\t\t\t\t\t\t\t<\/div>\n\t\t\t\t<\/div>\n\t\t\t\t<div class=\"elementor-element elementor-element-29fcfda elementor-widget elementor-widget-heading\" data-id=\"29fcfda\" data-element_type=\"widget\" data-e-type=\"widget\" data-widget_type=\"heading.default\">\n\t\t\t\t<div class=\"elementor-widget-container\">\n\t\t\t\t\t<h3 class=\"elementor-heading-title elementor-size-default\">Does this treatment have any side effects?<\/h3>\t\t\t\t<\/div>\n\t\t\t\t<\/div>\n\t\t\t\t<div class=\"elementor-element elementor-element-f2bfd0b elementor-widget elementor-widget-text-editor\" data-id=\"f2bfd0b\" data-element_type=\"widget\" data-e-type=\"widget\" data-widget_type=\"text-editor.default\">\n\t\t\t\t<div class=\"elementor-widget-container\">\n\t\t\t\t\t\t\t\t\t<p>Although uncommon, possible side effects include temporary redness, swelling, itching, skin tenderness, and in rare cases, changes in skin pigment (hyperpigmentation or hypopigmentation).<\/p>\t\t\t\t\t\t\t\t<\/div>\n\t\t\t\t<\/div>\n\t\t\t\t<div class=\"elementor-element elementor-element-6936f52 elementor-widget elementor-widget-heading\" data-id=\"6936f52\" data-element_type=\"widget\" data-e-type=\"widget\" data-widget_type=\"heading.default\">\n\t\t\t\t<div class=\"elementor-widget-container\">\n\t\t\t\t\t<h3 class=\"elementor-heading-title elementor-size-default\">Are the results permanent?<\/h3>\t\t\t\t<\/div>\n\t\t\t\t<\/div>\n\t\t\t\t<div class=\"elementor-element elementor-element-69d69db elementor-widget elementor-widget-text-editor\" data-id=\"69d69db\" data-element_type=\"widget\" data-e-type=\"widget\" data-widget_type=\"text-editor.default\">\n\t\t\t\t<div class=\"elementor-widget-container\">\n\t\t\t\t\t\t\t\t\t<p>Laser hair removal can offer long-lasting reduction in hair growth, meaning that the hair that grows back after treatment tends to be finer, less dense, and less visible.<\/p>\t\t\t\t\t\t\t\t<\/div>\n\t\t\t\t<\/div>\n\t\t\t\t\t<\/div>\n\t\t<\/div>\n\t\t\t\t<div class=\"elementor-column elementor-col-50 elementor-top-column elementor-element elementor-element-c13baa3\" data-id=\"c13baa3\" data-element_type=\"column\" data-e-type=\"column\">\n\t\t\t<div class=\"elementor-widget-wrap elementor-element-populated\">\n\t\t\t\t\t\t<div class=\"elementor-element elementor-element-886ecc9 elementor-widget__width-initial elementor-widget-mobile__width-initial elementor-widget elementor-widget-image\" data-id=\"886ecc9\" data-element_type=\"widget\" data-e-type=\"widget\" data-widget_type=\"image.default\">\n\t\t\t\t<div class=\"elementor-widget-container\">\n\t\t\t\t\t\t\t\t\t\t\t\t\t\t\t<img loading=\"lazy\" decoding=\"async\" width=\"800\" height=\"600\" src=\"https:\/\/carmenjguerra.com\/wp-content\/uploads\/2023\/08\/depilacion-laser-1.jpg\" class=\"attachment-large size-large wp-image-6989\" alt=\"Laser hair removal treatment image\" srcset=\"https:\/\/carmenjguerra.com\/wp-content\/uploads\/2023\/08\/depilacion-laser-1.jpg 1024w, https:\/\/carmenjguerra.com\/wp-content\/uploads\/2023\/08\/depilacion-laser-1-300x225.jpg 300w, https:\/\/carmenjguerra.com\/wp-content\/uploads\/2023\/08\/depilacion-laser-1-768x576.jpg 768w, https:\/\/carmenjguerra.com\/wp-content\/uploads\/2023\/08\/depilacion-laser-1-600x450.jpg 600w\" sizes=\"(max-width: 800px) 100vw, 800px\" \/>\t\t\t\t\t\t\t\t\t\t\t\t\t\t\t<\/div>\n\t\t\t\t<\/div>\n\t\t\t\t\t<\/div>\n\t\t<\/div>\n\t\t\t\t\t<\/div>\n\t\t<\/section>\n\t\t\t\t<section class=\"elementor-section elementor-top-section elementor-element elementor-element-b3614b7 elementor-section-boxed elementor-section-height-default elementor-section-height-default\" data-id=\"b3614b7\" data-element_type=\"section\" data-e-type=\"section\">\n\t\t\t\t\t\t<div class=\"elementor-container elementor-column-gap-default\">\n\t\t\t\t\t<div class=\"elementor-column elementor-col-100 elementor-top-column elementor-element elementor-element-cb15265\" data-id=\"cb15265\" data-element_type=\"column\" data-e-type=\"column\">\n\t\t\t<div class=\"elementor-widget-wrap elementor-element-populated\">\n\t\t\t\t\t\t<div class=\"elementor-element elementor-element-42280ff elementor-widget elementor-widget-heading\" data-id=\"42280ff\" data-element_type=\"widget\" data-e-type=\"widget\" data-widget_type=\"heading.default\">\n\t\t\t\t<div class=\"elementor-widget-container\">\n\t\t\t\t\t<p class=\"elementor-heading-title elementor-size-default\">Do you want to eliminate unwanted hair and show off more beautiful skin?<\/p>\t\t\t\t<\/div>\n\t\t\t\t<\/div>\n\t\t\t\t<div class=\"elementor-element elementor-element-eba2788 elementor-align-center elementor-widget elementor-widget-button\" data-id=\"eba2788\" data-element_type=\"widget\" data-e-type=\"widget\" data-widget_type=\"button.default\">\n\t\t\t\t<div class=\"elementor-widget-container\">\n\t\t\t\t\t\t\t\t\t<div class=\"elementor-button-wrapper\">\n\t\t\t\t\t<a class=\"elementor-button elementor-button-link elementor-size-sm\" href=\"https:\/\/carmenjguerra.com\/en\/contact\/\">\n\t\t\t\t\t\t<span class=\"elementor-button-content-wrapper\">\n\t\t\t\t\t\t\t\t\t<span class=\"elementor-button-text\">Schedule Your Appointment for Laser Hair Removal<\/span>\n\t\t\t\t\t<\/span>\n\t\t\t\t\t<\/a>\n\t\t\t\t<\/div>\n\t\t\t\t\t\t\t\t<\/div>\n\t\t\t\t<\/div>\n\t\t\t\t\t<\/div>\n\t\t<\/div>\n\t\t\t\t\t<\/div>\n\t\t<\/section>\n\t\t\t\t<\/div>","protected":false},"excerpt":{"rendered":"<p>Laser Hair Removal in Barranquilla. Triple Wavelength Technology. If you&#039;re looking for the best way to remove unwanted hair, we offer our laser hair removal service in Barranquilla, featuring triple wavelength diode laser technology that makes it easier and 100% safer. Get Rid of That Hair Today with Laser Hair Removal: [\u2026]<\/p>","protected":false},"author":3,"featured_media":6986,"parent":0,"menu_order":0,"comment_status":"closed","ping_status":"closed","template":"elementor_header_footer","meta":{"_acf_changed":false,"_joinchat":[],"footnotes":""},"class_list":["post-6952","page","type-page","status-publish","has-post-thumbnail","hentry"],"acf":[],"yoast_head":"<!-- This site is optimized with the Yoast SEO plugin v26.9 - https:\/\/yoast.com\/product\/yoast-seo-wordpress\/ -->\n<title>Depilaci\u00f3n L\u00e1ser En Barranquilla 100% Efectiva | Carmen J. Guerra<\/title>\n<meta name=\"description\" content=\"Experimenta la revoluci\u00f3n de la Depilaci\u00f3n L\u00e1ser en Barranquilla. L\u00e1ser con triple longitud de onda. Dile adi\u00f3s al vello no deseado.\" \/>\n<meta name=\"robots\" content=\"noindex, follow\" \/>\n<meta property=\"og:locale\" content=\"en_US\" \/>\n<meta property=\"og:type\" content=\"article\" \/>\n<meta property=\"og:title\" content=\"Depilaci\u00f3n L\u00e1ser En Barranquilla 100% Efectiva | Carmen J. Guerra\" \/>\n<meta property=\"og:description\" content=\"Experimenta la revoluci\u00f3n de la Depilaci\u00f3n L\u00e1ser en Barranquilla. L\u00e1ser con triple longitud de onda. Dile adi\u00f3s al vello no deseado.\" \/>\n<meta property=\"og:url\" content=\"https:\/\/carmenjguerra.com\/en\/treatments\/laser-hair-removal-in-barranquilla\/\" \/>\n<meta property=\"og:site_name\" content=\"Carmen J. Guerra\" \/>\n<meta property=\"article:modified_time\" content=\"2024-11-26T13:16:00+00:00\" \/>\n<meta property=\"og:image\" content=\"https:\/\/carmenjguerra.com\/wp-content\/uploads\/2023\/08\/depilacion-laser-4.jpg\" \/>\n\t<meta property=\"og:image:width\" content=\"1024\" \/>\n\t<meta property=\"og:image:height\" content=\"768\" \/>\n\t<meta property=\"og:image:type\" content=\"image\/jpeg\" \/>\n<meta name=\"twitter:card\" content=\"summary_large_image\" \/>\n<meta name=\"twitter:label1\" content=\"Est. reading time\" \/>\n\t<meta name=\"twitter:data1\" content=\"4 minutes\" \/>\n<!-- \/ Yoast SEO plugin. -->","yoast_head_json":{"title":"Depilaci\u00f3n L\u00e1ser En Barranquilla 100% Efectiva | Carmen J. Guerra","description":"Experimenta la revoluci\u00f3n de la Depilaci\u00f3n L\u00e1ser en Barranquilla. L\u00e1ser con triple longitud de onda. Dile adi\u00f3s al vello no deseado.","robots":{"index":"noindex","follow":"follow"},"og_locale":"en_US","og_type":"article","og_title":"Depilaci\u00f3n L\u00e1ser En Barranquilla 100% Efectiva | Carmen J. Guerra","og_description":"Experimenta la revoluci\u00f3n de la Depilaci\u00f3n L\u00e1ser en Barranquilla. L\u00e1ser con triple longitud de onda. Dile adi\u00f3s al vello no deseado.","og_url":"https:\/\/carmenjguerra.com\/en\/treatments\/laser-hair-removal-in-barranquilla\/","og_site_name":"Carmen J. Guerra","article_modified_time":"2024-11-26T13:16:00+00:00","og_image":[{"width":1024,"height":768,"url":"https:\/\/carmenjguerra.com\/wp-content\/uploads\/2023\/08\/depilacion-laser-4.jpg","type":"image\/jpeg"}],"twitter_card":"summary_large_image","twitter_misc":{"Est. reading time":"4 minutes"},"schema":{"@context":"https:\/\/schema.org","@graph":[{"@type":"WebPage","@id":"https:\/\/carmenjguerra.com\/depilacion-laser\/","url":"https:\/\/carmenjguerra.com\/tratamientos\/depilacion-laser-barranquilla\/","name":"Depilaci\u00f3n L\u00e1ser En Barranquilla 100% Efectiva | Carmen J. Guerra","isPartOf":{"@id":"https:\/\/carmenjguerra.com\/#website"},"primaryImageOfPage":{"@id":"https:\/\/carmenjguerra.com\/tratamientos\/depilacion-laser-barranquilla\/#primaryimage"},"image":{"@id":"https:\/\/carmenjguerra.com\/tratamientos\/depilacion-laser-barranquilla\/#primaryimage"},"thumbnailUrl":"https:\/\/carmenjguerra.com\/wp-content\/uploads\/2023\/08\/depilacion-laser-4.jpg","datePublished":"2023-08-19T12:05:52+00:00","dateModified":"2024-11-26T13:16:00+00:00","description":"Experimenta la revoluci\u00f3n de la Depilaci\u00f3n L\u00e1ser en Barranquilla. L\u00e1ser con triple longitud de onda. Dile adi\u00f3s al vello no deseado.","breadcrumb":{"@id":"https:\/\/carmenjguerra.com\/tratamientos\/depilacion-laser-barranquilla\/#breadcrumb"},"inLanguage":"en-US","potentialAction":[{"@type":"ReadAction","target":["https:\/\/carmenjguerra.com\/tratamientos\/depilacion-laser-barranquilla\/"]}]},{"@type":"ImageObject","inLanguage":"en-US","@id":"https:\/\/carmenjguerra.com\/tratamientos\/depilacion-laser-barranquilla\/#primaryimage","url":"https:\/\/carmenjguerra.com\/wp-content\/uploads\/2023\/08\/depilacion-laser-4.jpg","contentUrl":"https:\/\/carmenjguerra.com\/wp-content\/uploads\/2023\/08\/depilacion-laser-4.jpg","width":1024,"height":768,"caption":"Imagen de tratamiento de depilaci\u00f3n l\u00e1ser en Barranquilla"},{"@type":"BreadcrumbList","@id":"https:\/\/carmenjguerra.com\/tratamientos\/depilacion-laser-barranquilla\/#breadcrumb","itemListElement":[{"@type":"ListItem","position":1,"name":"Inicio","item":"https:\/\/carmenjguerra.com\/es_co\/"},{"@type":"ListItem","position":2,"name":"Depilaci\u00f3n L\u00e1ser"}]},{"@type":"WebSite","@id":"https:\/\/carmenjguerra.com\/#website","url":"https:\/\/carmenjguerra.com\/","name":"Carmen J. Guerra","description":"Centro M\u00e9dico Est\u00e9tico","potentialAction":[{"@type":"SearchAction","target":{"@type":"EntryPoint","urlTemplate":"https:\/\/carmenjguerra.com\/?s={search_term_string}"},"query-input":{"@type":"PropertyValueSpecification","valueRequired":true,"valueName":"search_term_string"}}],"inLanguage":"en-US"}]}},"_links":{"self":[{"href":"https:\/\/carmenjguerra.com\/en\/wp-json\/wp\/v2\/pages\/6952","targetHints":{"allow":["GET"]}}],"collection":[{"href":"https:\/\/carmenjguerra.com\/en\/wp-json\/wp\/v2\/pages"}],"about":[{"href":"https:\/\/carmenjguerra.com\/en\/wp-json\/wp\/v2\/types\/page"}],"author":[{"embeddable":true,"href":"https:\/\/carmenjguerra.com\/en\/wp-json\/wp\/v2\/users\/3"}],"replies":[{"embeddable":true,"href":"https:\/\/carmenjguerra.com\/en\/wp-json\/wp\/v2\/comments?post=6952"}],"version-history":[{"count":103,"href":"https:\/\/carmenjguerra.com\/en\/wp-json\/wp\/v2\/pages\/6952\/revisions"}],"predecessor-version":[{"id":10101,"href":"https:\/\/carmenjguerra.com\/en\/wp-json\/wp\/v2\/pages\/6952\/revisions\/10101"}],"wp:featuredmedia":[{"embeddable":true,"href":"https:\/\/carmenjguerra.com\/en\/wp-json\/wp\/v2\/media\/6986"}],"wp:attachment":[{"href":"https:\/\/carmenjguerra.com\/en\/wp-json\/wp\/v2\/media?parent=6952"}],"curies":[{"name":"wp","href":"https:\/\/api.w.org\/{rel}","templated":true}]}}