{"id":5430,"date":"2023-05-04T09:48:56","date_gmt":"2023-05-04T14:48:56","guid":{"rendered":"https:\/\/carmenjguerra.com\/?page_id=5430"},"modified":"2024-04-13T07:05:16","modified_gmt":"2024-04-13T12:05:16","slug":"rejuvenecimiento-facial","status":"publish","type":"page","link":"https:\/\/carmenjguerra.com\/en\/facial-rejuvenation\/","title":{"rendered":"Facial Rejuvenation"},"content":{"rendered":"<div data-elementor-type=\"wp-page\" data-elementor-id=\"5430\" class=\"elementor elementor-5430\" data-elementor-post-type=\"page\">\n\t\t\t\t\t\t<section class=\"elementor-section elementor-top-section elementor-element elementor-element-e9421d3 elementor-section-full_width elementor-section-height-min-height elementor-section-content-top elementor-section-height-default elementor-section-items-middle\" data-id=\"e9421d3\" data-element_type=\"section\" data-e-type=\"section\" data-settings=\"{&quot;background_background&quot;:&quot;classic&quot;}\">\n\t\t\t\t\t\t\t<div class=\"elementor-background-overlay\"><\/div>\n\t\t\t\t\t\t\t<div class=\"elementor-container elementor-column-gap-no\">\n\t\t\t\t\t<div class=\"elementor-column elementor-col-100 elementor-top-column elementor-element elementor-element-a0b3b9a\" data-id=\"a0b3b9a\" data-element_type=\"column\" data-e-type=\"column\">\n\t\t\t<div class=\"elementor-widget-wrap elementor-element-populated\">\n\t\t\t\t\t\t<div class=\"elementor-element elementor-element-707c233 elementor-widget__width-initial elementor-widget elementor-widget-heading\" data-id=\"707c233\" data-element_type=\"widget\" data-e-type=\"widget\" data-widget_type=\"heading.default\">\n\t\t\t\t<div class=\"elementor-widget-container\">\n\t\t\t\t\t<h1 class=\"elementor-heading-title elementor-size-default\">We are Innovation in Facial Rejuvenation in Barranquilla<\/h1>\t\t\t\t<\/div>\n\t\t\t\t<\/div>\n\t\t\t\t<div class=\"elementor-element elementor-element-40c9cf0 elementor-widget elementor-widget-text-editor\" data-id=\"40c9cf0\" data-element_type=\"widget\" data-e-type=\"widget\" data-widget_type=\"text-editor.default\">\n\t\t\t\t<div class=\"elementor-widget-container\">\n\t\t\t\t\t\t\t\t\t<p><span style=\"font-weight: 400;\">We have the most advanced and effective technology for <strong>facial rejuvenation<\/strong>, and a team of certified professionals, always ready to take care of you.<\/span><\/p>\t\t\t\t\t\t\t\t<\/div>\n\t\t\t\t<\/div>\n\t\t\t\t<div class=\"elementor-element elementor-element-a018f5b elementor-icon-list--layout-inline elementor-align-center elementor-tablet-align-center elementor-list-item-link-full_width elementor-widget elementor-widget-icon-list\" data-id=\"a018f5b\" data-element_type=\"widget\" data-e-type=\"widget\" data-widget_type=\"icon-list.default\">\n\t\t\t\t<div class=\"elementor-widget-container\">\n\t\t\t\t\t\t\t<ul class=\"elementor-icon-list-items elementor-inline-items\">\n\t\t\t\t\t\t\t<li class=\"elementor-icon-list-item elementor-inline-item\">\n\t\t\t\t\t\t\t\t\t\t\t<a href=\"https:\/\/carmenjguerra.com\/en\/contact\/\">\n\n\t\t\t\t\t\t\t\t\t\t\t\t<span class=\"elementor-icon-list-icon\">\n\t\t\t\t\t\t\t<i aria-hidden=\"true\" class=\"far fa-calendar-alt\"><\/i>\t\t\t\t\t\t<\/span>\n\t\t\t\t\t\t\t\t\t\t<span class=\"elementor-icon-list-text\">Schedule An Appointment<\/span>\n\t\t\t\t\t\t\t\t\t\t\t<\/a>\n\t\t\t\t\t\t\t\t\t<\/li>\n\t\t\t\t\t\t\t\t<li class=\"elementor-icon-list-item elementor-inline-item\">\n\t\t\t\t\t\t\t\t\t\t\t<a href=\"#rejuvenecimiento\">\n\n\t\t\t\t\t\t\t\t\t\t\t\t<span class=\"elementor-icon-list-icon\">\n\t\t\t\t\t\t\t<i aria-hidden=\"true\" class=\"far fa-eye\"><\/i>\t\t\t\t\t\t<\/span>\n\t\t\t\t\t\t\t\t\t\t<span class=\"elementor-icon-list-text\">Explore Treatments<\/span>\n\t\t\t\t\t\t\t\t\t\t\t<\/a>\n\t\t\t\t\t\t\t\t\t<\/li>\n\t\t\t\t\t\t<\/ul>\n\t\t\t\t\t\t<\/div>\n\t\t\t\t<\/div>\n\t\t\t\t\t<\/div>\n\t\t<\/div>\n\t\t\t\t\t<\/div>\n\t\t<\/section>\n\t\t\t\t<section class=\"elementor-section elementor-top-section elementor-element elementor-element-3d9c0d9 elementor-section-boxed elementor-section-height-default elementor-section-height-default\" data-id=\"3d9c0d9\" data-element_type=\"section\" data-e-type=\"section\">\n\t\t\t\t\t\t<div class=\"elementor-container elementor-column-gap-default\">\n\t\t\t\t\t<div class=\"elementor-column elementor-col-100 elementor-top-column elementor-element elementor-element-d8da3c3\" data-id=\"d8da3c3\" data-element_type=\"column\" data-e-type=\"column\">\n\t\t\t<div class=\"elementor-widget-wrap elementor-element-populated\">\n\t\t\t\t\t\t<div class=\"elementor-element elementor-element-5a07e31 elementor-widget elementor-widget-text-editor\" data-id=\"5a07e31\" data-element_type=\"widget\" data-e-type=\"widget\" data-widget_type=\"text-editor.default\">\n\t\t\t\t<div class=\"elementor-widget-container\">\n\t\t\t\t\t\t\t\t\t<p><span style=\"font-weight: 400;\">At Carmen J Guerra Aesthetic Medical Center, we know you want to look younger and more radiant, which is why we offer the most advanced and effective treatments to reverse the effects of time on your skin.<\/span><\/p><p><span style=\"font-weight: 400;\">Our wide range of facial rejuvenation treatments includes <strong>Botox, facial fillers<\/strong> and <strong>biostimulants<\/strong> cutting-edge treatments to reduce wrinkles and expression lines. These treatments are fast, safe, and provide amazing results in a short time.<\/span><\/p><p><span style=\"font-weight: 400;\">In addition, in our center we have innovative techniques such as <strong>radio frequency<\/strong> and the <strong>microdermabrasion<\/strong>These noninvasive procedures are ideal for improving skin texture and treating problems such as dark spots and sagging skin.<\/span><\/p><p><span style=\"font-weight: 400;\">Another of our star treatments is the fractional CO2 laser, which stimulates the production of <a href=\"https:\/\/www.mesoestetic.es\/blog\/para-que-sirve-el-colageno\/\" target=\"_blank\" rel=\"noopener\"><strong>collagen<\/strong><\/a> and helps reduce scars and acne marks. This procedure is painless and provides long-term results.<\/span><\/p><p><span style=\"font-weight: 400;\">We also offer facial mesotherapy treatments, which inject vitamins and antioxidants to improve skin hydration and elasticity. This treatment is ideal for people with dry and dull skin.<\/span><\/p>\t\t\t\t\t\t\t\t<\/div>\n\t\t\t\t<\/div>\n\t\t\t\t\t<\/div>\n\t\t<\/div>\n\t\t\t\t\t<\/div>\n\t\t<\/section>\n\t\t\t\t<section class=\"elementor-section elementor-top-section elementor-element elementor-element-4fa4f47 elementor-section-boxed elementor-section-height-default elementor-section-height-default\" data-id=\"4fa4f47\" data-element_type=\"section\" data-e-type=\"section\">\n\t\t\t\t\t\t<div class=\"elementor-container elementor-column-gap-default\">\n\t\t\t\t\t<div class=\"elementor-column elementor-col-100 elementor-top-column elementor-element elementor-element-1206469\" data-id=\"1206469\" data-element_type=\"column\" data-e-type=\"column\">\n\t\t\t<div class=\"elementor-widget-wrap elementor-element-populated\">\n\t\t\t\t\t\t<div class=\"elementor-element elementor-element-68921e3 elementor-widget elementor-widget-menu-anchor\" data-id=\"68921e3\" data-element_type=\"widget\" data-e-type=\"widget\" data-widget_type=\"menu-anchor.default\">\n\t\t\t\t<div class=\"elementor-widget-container\">\n\t\t\t\t\t\t\t<div class=\"elementor-menu-anchor\" id=\"rejuvenecimiento\"><\/div>\n\t\t\t\t\t\t<\/div>\n\t\t\t\t<\/div>\n\t\t\t\t<div class=\"elementor-element elementor-element-f202e0f elementor-widget elementor-widget-heading\" data-id=\"f202e0f\" data-element_type=\"widget\" data-e-type=\"widget\" data-widget_type=\"heading.default\">\n\t\t\t\t<div class=\"elementor-widget-container\">\n\t\t\t\t\t<h2 class=\"elementor-heading-title elementor-size-default\">Top Facial Rejuvenation Treatments in Barranquilla.<\/h2>\t\t\t\t<\/div>\n\t\t\t\t<\/div>\n\t\t\t\t<div class=\"elementor-element elementor-element-f2ad214 elementor-grid-3 elementor-grid-tablet-2 elementor-grid-mobile-1 elementor-widget elementor-widget-portfolio\" data-id=\"f2ad214\" data-element_type=\"widget\" data-e-type=\"widget\" data-settings=\"{&quot;item_ratio&quot;:{&quot;unit&quot;:&quot;px&quot;,&quot;size&quot;:0.81999999999999995115018691649311222136020660400390625,&quot;sizes&quot;:[]},&quot;columns&quot;:&quot;3&quot;,&quot;columns_tablet&quot;:&quot;2&quot;,&quot;columns_mobile&quot;:&quot;1&quot;,&quot;item_gap&quot;:{&quot;unit&quot;:&quot;px&quot;,&quot;size&quot;:&quot;&quot;,&quot;sizes&quot;:[]},&quot;row_gap&quot;:{&quot;unit&quot;:&quot;px&quot;,&quot;size&quot;:&quot;&quot;,&quot;sizes&quot;:[]}}\" data-widget_type=\"portfolio.default\">\n\t\t\t\t<div class=\"elementor-widget-container\">\n\t\t\t\t\t\t\t<div class=\"elementor-portfolio elementor-grid elementor-posts-container\">\n\t\t\t\t<article class=\"elementor-portfolio-item elementor-post  post-5421 product type-product status-publish has-post-thumbnail product_cat-estetica-facial first instock shipping-taxable product-type-simple\">\n\t\t\t<a class=\"elementor-post__thumbnail__link\" href=\"https:\/\/carmenjguerra.com\/en\/treatments\/hydrafacial\/\">\n\t\t\t\t<div class=\"elementor-portfolio-item__img elementor-post__thumbnail\">\n\t\t\t<img fetchpriority=\"high\" decoding=\"async\" width=\"300\" height=\"225\" src=\"https:\/\/carmenjguerra.com\/wp-content\/uploads\/2023\/05\/hydrafacial-barranquilla-3-300x225.jpg\" class=\"attachment-medium size-medium wp-image-5425\" alt=\"Image of Hydrafacial treatment on a woman.\" srcset=\"https:\/\/carmenjguerra.com\/wp-content\/uploads\/2023\/05\/hydrafacial-barranquilla-3-300x225.jpg 300w, https:\/\/carmenjguerra.com\/wp-content\/uploads\/2023\/05\/hydrafacial-barranquilla-3-768x576.jpg 768w, https:\/\/carmenjguerra.com\/wp-content\/uploads\/2023\/05\/hydrafacial-barranquilla-3-600x450.jpg 600w, https:\/\/carmenjguerra.com\/wp-content\/uploads\/2023\/05\/hydrafacial-barranquilla-3.jpg 1024w\" sizes=\"(max-width: 300px) 100vw, 300px\" \/>\t\t<\/div>\n\t\t\t\t<div class=\"elementor-portfolio-item__overlay\">\n\t\t\t\t<h3 class=\"elementor-portfolio-item__title\">\n\t\tHydrafacial\t\t<\/h3>\n\t\t\t\t<\/div>\n\t\t\t\t<\/a>\n\t\t<\/article>\n\t\t\t\t<article class=\"elementor-portfolio-item elementor-post  post-5217 product type-product status-publish has-post-thumbnail product_cat-medicina-estetica onbackorder virtual product-type-simple\">\n\t\t\t<a class=\"elementor-post__thumbnail__link\" href=\"https:\/\/carmenjguerra.com\/en\/treatments\/harmonyca\/\">\n\t\t\t\t<div class=\"elementor-portfolio-item__img elementor-post__thumbnail\">\n\t\t\t<img decoding=\"async\" width=\"200\" height=\"300\" src=\"https:\/\/carmenjguerra.com\/wp-content\/uploads\/2023\/03\/harmonyca-1-200x300.jpg\" class=\"attachment-medium size-medium wp-image-5218\" alt=\"image of a woman undergoing treatment with Harmonyca\" srcset=\"https:\/\/carmenjguerra.com\/wp-content\/uploads\/2023\/03\/harmonyca-1-200x300.jpg 200w, https:\/\/carmenjguerra.com\/wp-content\/uploads\/2023\/03\/harmonyca-1-684x1024.jpg 684w, https:\/\/carmenjguerra.com\/wp-content\/uploads\/2023\/03\/harmonyca-1-768x1150.jpg 768w, https:\/\/carmenjguerra.com\/wp-content\/uploads\/2023\/03\/harmonyca-1-1026x1536.jpg 1026w, https:\/\/carmenjguerra.com\/wp-content\/uploads\/2023\/03\/harmonyca-1-600x899.jpg 600w, https:\/\/carmenjguerra.com\/wp-content\/uploads\/2023\/03\/harmonyca-1.jpg 1282w\" sizes=\"(max-width: 200px) 100vw, 200px\" \/>\t\t<\/div>\n\t\t\t\t<div class=\"elementor-portfolio-item__overlay\">\n\t\t\t\t<h3 class=\"elementor-portfolio-item__title\">\n\t\tHArmonyCA\t\t<\/h3>\n\t\t\t\t<\/div>\n\t\t\t\t<\/a>\n\t\t<\/article>\n\t\t\t\t<article class=\"elementor-portfolio-item elementor-post  post-4034 product type-product status-publish has-post-thumbnail product_cat-medicina-estetica product_tag-acidohialuronico product_tag-armonizacionfacial product_tag-aumentodelabios product_tag-fejuvenecimiento product_tag-hidrataciondelabios product_tag-labios instock shipping-taxable product-type-simple\">\n\t\t\t<a class=\"elementor-post__thumbnail__link\" href=\"https:\/\/carmenjguerra.com\/en\/treatments\/hyaluronic-acid-filler\/\">\n\t\t\t\t<div class=\"elementor-portfolio-item__img elementor-post__thumbnail\">\n\t\t\t<img decoding=\"async\" width=\"300\" height=\"225\" src=\"https:\/\/carmenjguerra.com\/wp-content\/uploads\/2022\/05\/acido-hialuronico-de-relleno-300x225.jpg\" class=\"attachment-medium size-medium wp-image-5318\" alt=\"Image of hyaluronic acid filler treatment in a woman\" srcset=\"https:\/\/carmenjguerra.com\/wp-content\/uploads\/2022\/05\/acido-hialuronico-de-relleno-300x225.jpg 300w, https:\/\/carmenjguerra.com\/wp-content\/uploads\/2022\/05\/acido-hialuronico-de-relleno-768x576.jpg 768w, https:\/\/carmenjguerra.com\/wp-content\/uploads\/2022\/05\/acido-hialuronico-de-relleno-600x450.jpg 600w, https:\/\/carmenjguerra.com\/wp-content\/uploads\/2022\/05\/acido-hialuronico-de-relleno.jpg 1024w\" sizes=\"(max-width: 300px) 100vw, 300px\" \/>\t\t<\/div>\n\t\t\t\t<div class=\"elementor-portfolio-item__overlay\">\n\t\t\t\t<h3 class=\"elementor-portfolio-item__title\">\n\t\tHyaluronic Acid Filler\t\t<\/h3>\n\t\t\t\t<\/div>\n\t\t\t\t<\/a>\n\t\t<\/article>\n\t\t\t\t<article class=\"elementor-portfolio-item elementor-post  post-4027 product type-product status-publish has-post-thumbnail product_cat-medicina-estetica product_tag-acidohialuronico product_tag-belleza product_tag-botox product_tag-bruxismo product_tag-codigodebarras product_tag-colageno product_tag-dysport product_tag-enmanosexpertas product_tag-fullface product_tag-masetero product_tag-rejuvenecetupiel product_tag-sinarrugas product_tag-skincare product_tag-toxina product_tag-toxina-botulinica last instock shipping-taxable product-type-simple\">\n\t\t\t<a class=\"elementor-post__thumbnail__link\" href=\"https:\/\/carmenjguerra.com\/en\/treatments\/botulinum-toxin\/\">\n\t\t\t\t<div class=\"elementor-portfolio-item__img elementor-post__thumbnail\">\n\t\t\t<img loading=\"lazy\" decoding=\"async\" width=\"300\" height=\"225\" src=\"https:\/\/carmenjguerra.com\/wp-content\/uploads\/2022\/05\/toxina-botulinica-3-300x225.jpg\" class=\"attachment-medium size-medium wp-image-5270\" alt=\"Image of treatment with botulinum toxin\" srcset=\"https:\/\/carmenjguerra.com\/wp-content\/uploads\/2022\/05\/toxina-botulinica-3-300x225.jpg 300w, https:\/\/carmenjguerra.com\/wp-content\/uploads\/2022\/05\/toxina-botulinica-3-768x576.jpg 768w, https:\/\/carmenjguerra.com\/wp-content\/uploads\/2022\/05\/toxina-botulinica-3-600x450.jpg 600w, https:\/\/carmenjguerra.com\/wp-content\/uploads\/2022\/05\/toxina-botulinica-3.jpg 1024w\" sizes=\"(max-width: 300px) 100vw, 300px\" \/>\t\t<\/div>\n\t\t\t\t<div class=\"elementor-portfolio-item__overlay\">\n\t\t\t\t<h3 class=\"elementor-portfolio-item__title\">\n\t\tBotulinum Toxin\t\t<\/h3>\n\t\t\t\t<\/div>\n\t\t\t\t<\/a>\n\t\t<\/article>\n\t\t\t\t<article class=\"elementor-portfolio-item elementor-post  post-3659 product type-product status-publish has-post-thumbnail product_cat-medicina-estetica product_tag-belleza product_tag-bioestimulacion product_tag-bioestimuladoresdecolageno product_tag-facetem product_tag-gluteos product_tag-hidroxiapatita product_tag-hidroxiapatitadecalcio product_tag-radiessefiller product_tag-rejuvenecimientodecuello product_tag-rejuvenecimientofacial first instock shipping-taxable product-type-simple\">\n\t\t\t<a class=\"elementor-post__thumbnail__link\" href=\"https:\/\/carmenjguerra.com\/en\/treatments\/radiesse\/\">\n\t\t\t\t<div class=\"elementor-portfolio-item__img elementor-post__thumbnail\">\n\t\t\t<img loading=\"lazy\" decoding=\"async\" width=\"200\" height=\"300\" src=\"https:\/\/carmenjguerra.com\/wp-content\/uploads\/2023\/03\/bioestimulador-radiesse-mujer-200x300.jpg\" class=\"attachment-medium size-medium wp-image-5072\" alt=\"Radiesse Treatment\" srcset=\"https:\/\/carmenjguerra.com\/wp-content\/uploads\/2023\/03\/bioestimulador-radiesse-mujer-200x300.jpg 200w, https:\/\/carmenjguerra.com\/wp-content\/uploads\/2023\/03\/bioestimulador-radiesse-mujer-684x1024.jpg 684w, https:\/\/carmenjguerra.com\/wp-content\/uploads\/2023\/03\/bioestimulador-radiesse-mujer-768x1150.jpg 768w, https:\/\/carmenjguerra.com\/wp-content\/uploads\/2023\/03\/bioestimulador-radiesse-mujer-1026x1536.jpg 1026w, https:\/\/carmenjguerra.com\/wp-content\/uploads\/2023\/03\/bioestimulador-radiesse-mujer-600x899.jpg 600w, https:\/\/carmenjguerra.com\/wp-content\/uploads\/2023\/03\/bioestimulador-radiesse-mujer.jpg 1282w\" sizes=\"(max-width: 200px) 100vw, 200px\" \/>\t\t<\/div>\n\t\t\t\t<div class=\"elementor-portfolio-item__overlay\">\n\t\t\t\t<h3 class=\"elementor-portfolio-item__title\">\n\t\tRadiesse\t\t<\/h3>\n\t\t\t\t<\/div>\n\t\t\t\t<\/a>\n\t\t<\/article>\n\t\t\t\t<article class=\"elementor-portfolio-item elementor-post  post-3642 product type-product status-publish has-post-thumbnail product_cat-medicina-estetica product_tag-armonizacionfacial product_tag-hilospdo product_tag-perfilamiento instock shipping-taxable product-type-simple\">\n\t\t\t<a class=\"elementor-post__thumbnail__link\" href=\"https:\/\/carmenjguerra.com\/en\/treatments\/smooth-magic-pdo-threads\/\">\n\t\t\t\t<div class=\"elementor-portfolio-item__img elementor-post__thumbnail\">\n\t\t\t<img loading=\"lazy\" decoding=\"async\" width=\"300\" height=\"225\" src=\"https:\/\/carmenjguerra.com\/wp-content\/uploads\/2022\/03\/hilos-pdo-barranquilla-300x225.jpg\" class=\"attachment-medium size-medium wp-image-5255\" alt=\"Woman receiving treatment with PDO threads\" srcset=\"https:\/\/carmenjguerra.com\/wp-content\/uploads\/2022\/03\/hilos-pdo-barranquilla-300x225.jpg 300w, https:\/\/carmenjguerra.com\/wp-content\/uploads\/2022\/03\/hilos-pdo-barranquilla-768x576.jpg 768w, https:\/\/carmenjguerra.com\/wp-content\/uploads\/2022\/03\/hilos-pdo-barranquilla-600x450.jpg 600w, https:\/\/carmenjguerra.com\/wp-content\/uploads\/2022\/03\/hilos-pdo-barranquilla.jpg 1024w\" sizes=\"(max-width: 300px) 100vw, 300px\" \/>\t\t<\/div>\n\t\t\t\t<div class=\"elementor-portfolio-item__overlay\">\n\t\t\t\t<h3 class=\"elementor-portfolio-item__title\">\n\t\tMagic Smooth PDO Yarns\t\t<\/h3>\n\t\t\t\t<\/div>\n\t\t\t\t<\/a>\n\t\t<\/article>\n\t\t\t\t<\/div>\n\t\t\t\t\t\t<\/div>\n\t\t\t\t<\/div>\n\t\t\t\t<div class=\"elementor-element elementor-element-702ca03 elementor-widget elementor-widget-text-editor\" data-id=\"702ca03\" data-element_type=\"widget\" data-e-type=\"widget\" data-widget_type=\"text-editor.default\">\n\t\t\t\t<div class=\"elementor-widget-container\">\n\t\t\t\t\t\t\t\t\t<p><span style=\"font-weight: 400;\">At our aesthetic medical center, we ensure that all our treatments are performed by highly trained professionals with experience in facial and body aesthetic medicine. We also employ state-of-the-art technology to guarantee the safety and effectiveness of all our procedures.<\/span><\/p><p><span style=\"font-weight: 400;\">In short, if you&#039;re looking for the best treatments to rejuvenate your skin, our aesthetic medical center is your best option. Contact us today to schedule an appointment and start enjoying younger, more radiant skin.<\/span><\/p>\t\t\t\t\t\t\t\t<\/div>\n\t\t\t\t<\/div>\n\t\t\t\t<div class=\"elementor-element elementor-element-2cbd090 elementor-align-center elementor-mobile-align-center elementor-widget elementor-widget-button\" data-id=\"2cbd090\" data-element_type=\"widget\" data-e-type=\"widget\" data-widget_type=\"button.default\">\n\t\t\t\t<div class=\"elementor-widget-container\">\n\t\t\t\t\t\t\t\t\t<div class=\"elementor-button-wrapper\">\n\t\t\t\t\t<a class=\"elementor-button elementor-button-link elementor-size-md\" href=\"https:\/\/carmenjguerra.com\/en\/contact\/\">\n\t\t\t\t\t\t<span class=\"elementor-button-content-wrapper\">\n\t\t\t\t\t\t<span class=\"elementor-button-icon\">\n\t\t\t\t<i aria-hidden=\"true\" class=\"fas fa-long-arrow-alt-right\"><\/i>\t\t\t<\/span>\n\t\t\t\t\t\t\t\t\t<span class=\"elementor-button-text\">Schedule Your Appointment<\/span>\n\t\t\t\t\t<\/span>\n\t\t\t\t\t<\/a>\n\t\t\t\t<\/div>\n\t\t\t\t\t\t\t\t<\/div>\n\t\t\t\t<\/div>\n\t\t\t\t\t<\/div>\n\t\t<\/div>\n\t\t\t\t\t<\/div>\n\t\t<\/section>\n\t\t\t\t<\/div>","protected":false},"excerpt":{"rendered":"<p>We are Innovation in Facial Rejuvenation in Barranquilla. We have the most advanced and effective technology for facial rejuvenation, and a team of certified professionals, always ready to take care of you. Schedule an Appointment Explore Treatments At Carmen J Guerra Medical Aesthetic Center, we know you want to look younger and more radiant, that&#039;s why we offer the [\u2026]<\/p>","protected":false},"author":3,"featured_media":5432,"parent":0,"menu_order":0,"comment_status":"closed","ping_status":"closed","template":"","meta":{"_acf_changed":false,"_joinchat":[],"footnotes":""},"class_list":["post-5430","page","type-page","status-publish","has-post-thumbnail","hentry"],"acf":[],"yoast_head":"<!-- This site is optimized with the Yoast SEO plugin v26.9 - https:\/\/yoast.com\/product\/yoast-seo-wordpress\/ -->\n<title>Rejuvenecimiento Facial En Barranquilla | Carmen J. Guerra<\/title>\n<meta name=\"description\" content=\"Rejuvenecimiento facial en Barranquilla. Bioestimuladores, rellenos, hidrataci\u00f3n, microdermoabrasi\u00f3n 100% profesional.Haz clic y conoce m\u00e1s.\" \/>\n<meta name=\"robots\" content=\"index, follow, max-snippet:-1, max-image-preview:large, max-video-preview:-1\" \/>\n<link rel=\"canonical\" href=\"https:\/\/carmenjguerra.com\/en\/facial-rejuvenation\/\" \/>\n<meta property=\"og:locale\" content=\"en_US\" \/>\n<meta property=\"og:type\" content=\"article\" \/>\n<meta property=\"og:title\" content=\"Rejuvenecimiento Facial En Barranquilla | Carmen J. Guerra\" \/>\n<meta property=\"og:description\" content=\"Rejuvenecimiento facial en Barranquilla. Bioestimuladores, rellenos, hidrataci\u00f3n, microdermoabrasi\u00f3n 100% profesional.Haz clic y conoce m\u00e1s.\" \/>\n<meta property=\"og:url\" content=\"https:\/\/carmenjguerra.com\/en\/facial-rejuvenation\/\" \/>\n<meta property=\"og:site_name\" content=\"Carmen J. Guerra\" \/>\n<meta property=\"article:modified_time\" content=\"2024-04-13T12:05:16+00:00\" \/>\n<meta property=\"og:image\" content=\"https:\/\/carmenjguerra.com\/wp-content\/uploads\/2023\/05\/rejuvenecimiento-facial-barranquilla.jpg\" \/>\n\t<meta property=\"og:image:width\" content=\"1024\" \/>\n\t<meta property=\"og:image:height\" content=\"768\" \/>\n\t<meta property=\"og:image:type\" content=\"image\/jpeg\" \/>\n<meta name=\"twitter:card\" content=\"summary_large_image\" \/>\n<meta name=\"twitter:label1\" content=\"Est. reading time\" \/>\n\t<meta name=\"twitter:data1\" content=\"3 minutes\" \/>\n<!-- \/ Yoast SEO plugin. -->","yoast_head_json":{"title":"Rejuvenecimiento Facial En Barranquilla | Carmen J. Guerra","description":"Rejuvenecimiento facial en Barranquilla. Bioestimuladores, rellenos, hidrataci\u00f3n, microdermoabrasi\u00f3n 100% profesional.Haz clic y conoce m\u00e1s.","robots":{"index":"index","follow":"follow","max-snippet":"max-snippet:-1","max-image-preview":"max-image-preview:large","max-video-preview":"max-video-preview:-1"},"canonical":"https:\/\/carmenjguerra.com\/en\/facial-rejuvenation\/","og_locale":"en_US","og_type":"article","og_title":"Rejuvenecimiento Facial En Barranquilla | Carmen J. Guerra","og_description":"Rejuvenecimiento facial en Barranquilla. Bioestimuladores, rellenos, hidrataci\u00f3n, microdermoabrasi\u00f3n 100% profesional.Haz clic y conoce m\u00e1s.","og_url":"https:\/\/carmenjguerra.com\/en\/facial-rejuvenation\/","og_site_name":"Carmen J. Guerra","article_modified_time":"2024-04-13T12:05:16+00:00","og_image":[{"width":1024,"height":768,"url":"https:\/\/carmenjguerra.com\/wp-content\/uploads\/2023\/05\/rejuvenecimiento-facial-barranquilla.jpg","type":"image\/jpeg"}],"twitter_card":"summary_large_image","twitter_misc":{"Est. reading time":"3 minutes"},"schema":{"@context":"https:\/\/schema.org","@graph":[{"@type":"WebPage","@id":"https:\/\/carmenjguerra.com\/rejuvenecimiento-facial\/","url":"https:\/\/carmenjguerra.com\/rejuvenecimiento-facial\/","name":"Rejuvenecimiento Facial En Barranquilla | Carmen J. Guerra","isPartOf":{"@id":"https:\/\/carmenjguerra.com\/#website"},"primaryImageOfPage":{"@id":"https:\/\/carmenjguerra.com\/rejuvenecimiento-facial\/#primaryimage"},"image":{"@id":"https:\/\/carmenjguerra.com\/rejuvenecimiento-facial\/#primaryimage"},"thumbnailUrl":"https:\/\/carmenjguerra.com\/wp-content\/uploads\/2023\/05\/rejuvenecimiento-facial-barranquilla.jpg","datePublished":"2023-05-04T14:48:56+00:00","dateModified":"2024-04-13T12:05:16+00:00","description":"Rejuvenecimiento facial en Barranquilla. Bioestimuladores, rellenos, hidrataci\u00f3n, microdermoabrasi\u00f3n 100% profesional.Haz clic y conoce m\u00e1s.","breadcrumb":{"@id":"https:\/\/carmenjguerra.com\/rejuvenecimiento-facial\/#breadcrumb"},"inLanguage":"en-US","potentialAction":[{"@type":"ReadAction","target":["https:\/\/carmenjguerra.com\/rejuvenecimiento-facial\/"]}]},{"@type":"ImageObject","inLanguage":"en-US","@id":"https:\/\/carmenjguerra.com\/rejuvenecimiento-facial\/#primaryimage","url":"https:\/\/carmenjguerra.com\/wp-content\/uploads\/2023\/05\/rejuvenecimiento-facial-barranquilla.jpg","contentUrl":"https:\/\/carmenjguerra.com\/wp-content\/uploads\/2023\/05\/rejuvenecimiento-facial-barranquilla.jpg","width":1024,"height":768,"caption":"Imagen de tratamiento de rejuvenecimiento facial en mujer"},{"@type":"BreadcrumbList","@id":"https:\/\/carmenjguerra.com\/rejuvenecimiento-facial\/#breadcrumb","itemListElement":[{"@type":"ListItem","position":1,"name":"Inicio","item":"https:\/\/carmenjguerra.com\/es_co\/"},{"@type":"ListItem","position":2,"name":"Rejuvenecimiento Facial"}]},{"@type":"WebSite","@id":"https:\/\/carmenjguerra.com\/#website","url":"https:\/\/carmenjguerra.com\/","name":"Carmen J. Guerra","description":"Centro M\u00e9dico Est\u00e9tico","potentialAction":[{"@type":"SearchAction","target":{"@type":"EntryPoint","urlTemplate":"https:\/\/carmenjguerra.com\/?s={search_term_string}"},"query-input":{"@type":"PropertyValueSpecification","valueRequired":true,"valueName":"search_term_string"}}],"inLanguage":"en-US"}]}},"_links":{"self":[{"href":"https:\/\/carmenjguerra.com\/en\/wp-json\/wp\/v2\/pages\/5430","targetHints":{"allow":["GET"]}}],"collection":[{"href":"https:\/\/carmenjguerra.com\/en\/wp-json\/wp\/v2\/pages"}],"about":[{"href":"https:\/\/carmenjguerra.com\/en\/wp-json\/wp\/v2\/types\/page"}],"author":[{"embeddable":true,"href":"https:\/\/carmenjguerra.com\/en\/wp-json\/wp\/v2\/users\/3"}],"replies":[{"embeddable":true,"href":"https:\/\/carmenjguerra.com\/en\/wp-json\/wp\/v2\/comments?post=5430"}],"version-history":[{"count":143,"href":"https:\/\/carmenjguerra.com\/en\/wp-json\/wp\/v2\/pages\/5430\/revisions"}],"predecessor-version":[{"id":9190,"href":"https:\/\/carmenjguerra.com\/en\/wp-json\/wp\/v2\/pages\/5430\/revisions\/9190"}],"wp:featuredmedia":[{"embeddable":true,"href":"https:\/\/carmenjguerra.com\/en\/wp-json\/wp\/v2\/media\/5432"}],"wp:attachment":[{"href":"https:\/\/carmenjguerra.com\/en\/wp-json\/wp\/v2\/media?parent=5430"}],"curies":[{"name":"wp","href":"https:\/\/api.w.org\/{rel}","templated":true}]}}